{"id":21414,"date":"2025-01-24T11:35:01","date_gmt":"2025-01-24T11:35:01","guid":{"rendered":"https:\/\/stockfishfestival.is\/?page_id=21414"},"modified":"2025-01-24T11:38:51","modified_gmt":"2025-01-24T11:38:51","slug":"sponsors-2024-2","status":"publish","type":"page","link":"https:\/\/stockfishfestival.is\/en\/sponsors-2025","title":{"rendered":"Sponsors 2025"},"content":{"rendered":"\t\t<div data-elementor-type=\"wp-page\" data-elementor-id=\"21414\" class=\"elementor elementor-21414 elementor-21413\" data-elementor-post-type=\"page\">\n\t\t\t\t\t\t<section class=\"elementor-section elementor-top-section elementor-element elementor-element-24cf574 elementor-section-full_width elementor-section-height-min-height elementor-hidden-mobile elementor-section-height-default elementor-section-items-middle qodef-elementor-content-no\" data-id=\"24cf574\" data-element_type=\"section\" data-settings=\"{&quot;background_background&quot;:&quot;classic&quot;}\">\n\t\t\t\t\t\t<div class=\"elementor-container elementor-column-gap-default\">\n\t\t\t\t\t<div class=\"elementor-column elementor-col-16 elementor-top-column elementor-element elementor-element-18e54c1\" data-id=\"18e54c1\" data-element_type=\"column\">\n\t\t\t<div class=\"elementor-widget-wrap elementor-element-populated\">\n\t\t\t\t\t\t<div class=\"elementor-element elementor-element-d0f081d elementor-widget elementor-widget-image\" data-id=\"d0f081d\" data-element_type=\"widget\" data-widget_type=\"image.default\">\n\t\t\t\t<div class=\"elementor-widget-container\">\n\t\t\t\t\t\t\t\t\t\t\t\t\t\t\t<img fetchpriority=\"high\" decoding=\"async\" width=\"934\" height=\"934\" src=\"https:\/\/stockfishfestival.is\/wp-content\/uploads\/2023\/01\/17039362_586429531563517_470229202197126815_o-1.jpg\" class=\"attachment-full size-full wp-image-25852\" alt=\"\" srcset=\"https:\/\/stockfishfestival.is\/wp-content\/uploads\/2023\/01\/17039362_586429531563517_470229202197126815_o-1.jpg 934w, https:\/\/stockfishfestival.is\/wp-content\/uploads\/2023\/01\/17039362_586429531563517_470229202197126815_o-1-300x300.jpg 300w, https:\/\/stockfishfestival.is\/wp-content\/uploads\/2023\/01\/17039362_586429531563517_470229202197126815_o-1-150x150.jpg 150w, https:\/\/stockfishfestival.is\/wp-content\/uploads\/2023\/01\/17039362_586429531563517_470229202197126815_o-1-768x768.jpg 768w, https:\/\/stockfishfestival.is\/wp-content\/uploads\/2023\/01\/17039362_586429531563517_470229202197126815_o-1-650x650.jpg 650w, https:\/\/stockfishfestival.is\/wp-content\/uploads\/2023\/01\/17039362_586429531563517_470229202197126815_o-1-600x600.jpg 600w, https:\/\/stockfishfestival.is\/wp-content\/uploads\/2023\/01\/17039362_586429531563517_470229202197126815_o-1-100x100.jpg 100w\" sizes=\"(max-width: 934px) 100vw, 934px\" \/>\t\t\t\t\t\t\t\t\t\t\t\t\t\t\t<\/div>\n\t\t\t\t<\/div>\n\t\t\t\t\t<\/div>\n\t\t<\/div>\n\t\t\t\t<div class=\"elementor-column elementor-col-16 elementor-top-column elementor-element elementor-element-3cf7abe\" data-id=\"3cf7abe\" data-element_type=\"column\">\n\t\t\t<div class=\"elementor-widget-wrap elementor-element-populated\">\n\t\t\t\t\t\t<div class=\"elementor-element elementor-element-9703a0f elementor-widget elementor-widget-image\" data-id=\"9703a0f\" data-element_type=\"widget\" data-widget_type=\"image.default\">\n\t\t\t\t<div class=\"elementor-widget-container\">\n\t\t\t\t\t\t\t\t\t\t\t\t\t\t\t<img decoding=\"async\" width=\"1024\" height=\"1024\" src=\"https:\/\/stockfishfestival.is\/wp-content\/uploads\/2023\/01\/89898428_1257816221091508_6064826879485935616_n-1024x1024.jpg\" class=\"attachment-large size-large wp-image-25853\" alt=\"\" srcset=\"https:\/\/stockfishfestival.is\/wp-content\/uploads\/2023\/01\/89898428_1257816221091508_6064826879485935616_n-1024x1024.jpg 1024w, https:\/\/stockfishfestival.is\/wp-content\/uploads\/2023\/01\/89898428_1257816221091508_6064826879485935616_n-300x300.jpg 300w, https:\/\/stockfishfestival.is\/wp-content\/uploads\/2023\/01\/89898428_1257816221091508_6064826879485935616_n-150x150.jpg 150w, https:\/\/stockfishfestival.is\/wp-content\/uploads\/2023\/01\/89898428_1257816221091508_6064826879485935616_n-768x768.jpg 768w, https:\/\/stockfishfestival.is\/wp-content\/uploads\/2023\/01\/89898428_1257816221091508_6064826879485935616_n-650x650.jpg 650w, https:\/\/stockfishfestival.is\/wp-content\/uploads\/2023\/01\/89898428_1257816221091508_6064826879485935616_n-1300x1300.jpg 1300w, https:\/\/stockfishfestival.is\/wp-content\/uploads\/2023\/01\/89898428_1257816221091508_6064826879485935616_n-600x600.jpg 600w, https:\/\/stockfishfestival.is\/wp-content\/uploads\/2023\/01\/89898428_1257816221091508_6064826879485935616_n-100x100.jpg 100w, https:\/\/stockfishfestival.is\/wp-content\/uploads\/2023\/01\/89898428_1257816221091508_6064826879485935616_n.jpg 1440w\" sizes=\"(max-width: 1024px) 100vw, 1024px\" \/>\t\t\t\t\t\t\t\t\t\t\t\t\t\t\t<\/div>\n\t\t\t\t<\/div>\n\t\t\t\t\t<\/div>\n\t\t<\/div>\n\t\t\t\t<div class=\"elementor-column elementor-col-16 elementor-top-column elementor-element elementor-element-a84d640\" data-id=\"a84d640\" data-element_type=\"column\">\n\t\t\t<div class=\"elementor-widget-wrap elementor-element-populated\">\n\t\t\t\t\t\t<div class=\"elementor-element elementor-element-474baef elementor-widget elementor-widget-image\" data-id=\"474baef\" data-element_type=\"widget\" data-widget_type=\"image.default\">\n\t\t\t\t<div class=\"elementor-widget-container\">\n\t\t\t\t\t\t\t\t\t\t\t\t\t\t\t<img decoding=\"async\" width=\"500\" height=\"499\" src=\"https:\/\/stockfishfestival.is\/wp-content\/uploads\/2023\/01\/48389167_928821520657648_40334012106932224_n.jpg\" class=\"attachment-large size-large wp-image-25854\" alt=\"\" srcset=\"https:\/\/stockfishfestival.is\/wp-content\/uploads\/2023\/01\/48389167_928821520657648_40334012106932224_n.jpg 500w, https:\/\/stockfishfestival.is\/wp-content\/uploads\/2023\/01\/48389167_928821520657648_40334012106932224_n-300x300.jpg 300w, https:\/\/stockfishfestival.is\/wp-content\/uploads\/2023\/01\/48389167_928821520657648_40334012106932224_n-150x150.jpg 150w, https:\/\/stockfishfestival.is\/wp-content\/uploads\/2023\/01\/48389167_928821520657648_40334012106932224_n-100x100.jpg 100w\" sizes=\"(max-width: 500px) 100vw, 500px\" \/>\t\t\t\t\t\t\t\t\t\t\t\t\t\t\t<\/div>\n\t\t\t\t<\/div>\n\t\t\t\t\t<\/div>\n\t\t<\/div>\n\t\t\t\t<div class=\"elementor-column elementor-col-16 elementor-top-column elementor-element elementor-element-a9cb5e8\" data-id=\"a9cb5e8\" data-element_type=\"column\">\n\t\t\t<div class=\"elementor-widget-wrap elementor-element-populated\">\n\t\t\t\t\t\t<div class=\"elementor-element elementor-element-4bb77f4 elementor-widget elementor-widget-image\" data-id=\"4bb77f4\" data-element_type=\"widget\" data-widget_type=\"image.default\">\n\t\t\t\t<div class=\"elementor-widget-container\">\n\t\t\t\t\t\t\t\t\t\t\t\t\t\t\t<img loading=\"lazy\" decoding=\"async\" width=\"414\" height=\"414\" src=\"https:\/\/stockfishfestival.is\/wp-content\/uploads\/2023\/01\/54278313_978247275715072_2258760482498281472_n.jpg\" class=\"attachment-large size-large wp-image-25855\" alt=\"\" srcset=\"https:\/\/stockfishfestival.is\/wp-content\/uploads\/2023\/01\/54278313_978247275715072_2258760482498281472_n.jpg 414w, https:\/\/stockfishfestival.is\/wp-content\/uploads\/2023\/01\/54278313_978247275715072_2258760482498281472_n-300x300.jpg 300w, https:\/\/stockfishfestival.is\/wp-content\/uploads\/2023\/01\/54278313_978247275715072_2258760482498281472_n-150x150.jpg 150w, https:\/\/stockfishfestival.is\/wp-content\/uploads\/2023\/01\/54278313_978247275715072_2258760482498281472_n-100x100.jpg 100w\" sizes=\"(max-width: 414px) 100vw, 414px\" \/>\t\t\t\t\t\t\t\t\t\t\t\t\t\t\t<\/div>\n\t\t\t\t<\/div>\n\t\t\t\t\t<\/div>\n\t\t<\/div>\n\t\t\t\t<div class=\"elementor-column elementor-col-16 elementor-top-column elementor-element elementor-element-dfa19e7\" data-id=\"dfa19e7\" data-element_type=\"column\">\n\t\t\t<div class=\"elementor-widget-wrap elementor-element-populated\">\n\t\t\t\t\t\t<div class=\"elementor-element elementor-element-3e8aad5 elementor-widget elementor-widget-image\" data-id=\"3e8aad5\" data-element_type=\"widget\" data-widget_type=\"image.default\">\n\t\t\t\t<div class=\"elementor-widget-container\">\n\t\t\t\t\t\t\t\t\t\t\t\t\t\t\t<img loading=\"lazy\" decoding=\"async\" width=\"414\" height=\"414\" src=\"https:\/\/stockfishfestival.is\/wp-content\/uploads\/2023\/01\/28698611_746454278894374_4684746193901112026_o-2.jpg\" class=\"attachment-large size-large wp-image-25856\" alt=\"\" srcset=\"https:\/\/stockfishfestival.is\/wp-content\/uploads\/2023\/01\/28698611_746454278894374_4684746193901112026_o-2.jpg 414w, https:\/\/stockfishfestival.is\/wp-content\/uploads\/2023\/01\/28698611_746454278894374_4684746193901112026_o-2-300x300.jpg 300w, https:\/\/stockfishfestival.is\/wp-content\/uploads\/2023\/01\/28698611_746454278894374_4684746193901112026_o-2-150x150.jpg 150w, https:\/\/stockfishfestival.is\/wp-content\/uploads\/2023\/01\/28698611_746454278894374_4684746193901112026_o-2-100x100.jpg 100w\" sizes=\"(max-width: 414px) 100vw, 414px\" \/>\t\t\t\t\t\t\t\t\t\t\t\t\t\t\t<\/div>\n\t\t\t\t<\/div>\n\t\t\t\t\t<\/div>\n\t\t<\/div>\n\t\t\t\t<div class=\"elementor-column elementor-col-16 elementor-top-column elementor-element elementor-element-1a4973f\" data-id=\"1a4973f\" data-element_type=\"column\">\n\t\t\t<div class=\"elementor-widget-wrap elementor-element-populated\">\n\t\t\t\t\t\t<div class=\"elementor-element elementor-element-e5eb658 elementor-widget elementor-widget-image\" data-id=\"e5eb658\" data-element_type=\"widget\" data-widget_type=\"image.default\">\n\t\t\t\t<div class=\"elementor-widget-container\">\n\t\t\t\t\t\t\t\t\t\t\t\t\t\t\t<img loading=\"lazy\" decoding=\"async\" width=\"1024\" height=\"1019\" src=\"https:\/\/stockfishfestival.is\/wp-content\/uploads\/2023\/01\/53110629_972572876282512_7226111432742404096_n-1024x1019.jpg\" class=\"attachment-large size-large wp-image-25857\" alt=\"\" srcset=\"https:\/\/stockfishfestival.is\/wp-content\/uploads\/2023\/01\/53110629_972572876282512_7226111432742404096_n-1024x1019.jpg 1024w, https:\/\/stockfishfestival.is\/wp-content\/uploads\/2023\/01\/53110629_972572876282512_7226111432742404096_n-300x300.jpg 300w, https:\/\/stockfishfestival.is\/wp-content\/uploads\/2023\/01\/53110629_972572876282512_7226111432742404096_n-150x150.jpg 150w, https:\/\/stockfishfestival.is\/wp-content\/uploads\/2023\/01\/53110629_972572876282512_7226111432742404096_n-768x764.jpg 768w, https:\/\/stockfishfestival.is\/wp-content\/uploads\/2023\/01\/53110629_972572876282512_7226111432742404096_n-600x597.jpg 600w, https:\/\/stockfishfestival.is\/wp-content\/uploads\/2023\/01\/53110629_972572876282512_7226111432742404096_n-100x100.jpg 100w, https:\/\/stockfishfestival.is\/wp-content\/uploads\/2023\/01\/53110629_972572876282512_7226111432742404096_n.jpg 1153w\" sizes=\"(max-width: 1024px) 100vw, 1024px\" \/>\t\t\t\t\t\t\t\t\t\t\t\t\t\t\t<\/div>\n\t\t\t\t<\/div>\n\t\t\t\t\t<\/div>\n\t\t<\/div>\n\t\t\t\t\t<\/div>\n\t\t<\/section>\n\t\t\t\t<section class=\"elementor-section elementor-top-section elementor-element elementor-element-e7bf980 elementor-section-full_width qodef-elementor-content-grid elementor-section-height-default elementor-section-height-default\" data-id=\"e7bf980\" data-element_type=\"section\">\n\t\t\t\t\t\t<div class=\"elementor-container elementor-column-gap-default\">\n\t\t\t\t\t<div class=\"elementor-column elementor-col-100 elementor-top-column elementor-element elementor-element-be3db13\" data-id=\"be3db13\" data-element_type=\"column\">\n\t\t\t<div class=\"elementor-widget-wrap elementor-element-populated\">\n\t\t\t\t\t\t<div class=\"elementor-element elementor-element-49ea53b elementor-widget elementor-widget-coppola_core_section_title\" data-id=\"49ea53b\" data-element_type=\"widget\" data-widget_type=\"coppola_core_section_title.default\">\n\t\t\t\t<div class=\"elementor-widget-container\">\n\t\t\t\t\t<div class=\"qodef-shortcode qodef-m  qodef-section-title qodef-alignment--center \">\n\t\t\t<h1 class=\"qodef-m-title\" style=\"color: #000000\">\n\t\t\t\t\tSponsors 2025\t\t\t<\/h1>\n\t\t<\/div>\n\t\t\t\t<\/div>\n\t\t\t\t<\/div>\n\t\t\t\t\t<\/div>\n\t\t<\/div>\n\t\t\t\t\t<\/div>\n\t\t<\/section>\n\t\t\t\t<section class=\"elementor-section elementor-top-section elementor-element elementor-element-37b1477b elementor-section-full_width qodef-elementor-content-grid elementor-section-height-default elementor-section-height-default\" data-id=\"37b1477b\" data-element_type=\"section\">\n\t\t\t\t\t\t<div class=\"elementor-container elementor-column-gap-default\">\n\t\t\t\t\t<div class=\"elementor-column elementor-col-100 elementor-top-column elementor-element elementor-element-658c3877\" data-id=\"658c3877\" data-element_type=\"column\">\n\t\t\t<div class=\"elementor-widget-wrap elementor-element-populated\">\n\t\t\t\t\t\t<div class=\"elementor-element elementor-element-593e37fd elementor-widget-divider--view-line elementor-widget elementor-widget-divider\" data-id=\"593e37fd\" data-element_type=\"widget\" data-widget_type=\"divider.default\">\n\t\t\t\t<div class=\"elementor-widget-container\">\n\t\t\t\t\t\t\t<div class=\"elementor-divider\">\n\t\t\t<span class=\"elementor-divider-separator\">\n\t\t\t\t\t\t<\/span>\n\t\t<\/div>\n\t\t\t\t\t\t<\/div>\n\t\t\t\t<\/div>\n\t\t\t\t<div class=\"elementor-element elementor-element-900d51c elementor-widget elementor-widget-heading\" data-id=\"900d51c\" data-element_type=\"widget\" data-widget_type=\"heading.default\">\n\t\t\t\t<div class=\"elementor-widget-container\">\n\t\t\t\t\t<h2 class=\"elementor-heading-title elementor-size-default\">PRevious FEsTIVALS<\/h2>\t\t\t\t<\/div>\n\t\t\t\t<\/div>\n\t\t\t\t<div class=\"elementor-element elementor-element-a115ad5 elementor-align-center elementor-icon-list--layout-traditional elementor-list-item-link-full_width elementor-widget elementor-widget-icon-list\" data-id=\"a115ad5\" data-element_type=\"widget\" data-widget_type=\"icon-list.default\">\n\t\t\t\t<div class=\"elementor-widget-container\">\n\t\t\t\t\t\t\t<ul class=\"elementor-icon-list-items\">\n\t\t\t\t\t\t\t<li class=\"elementor-icon-list-item\">\n\t\t\t\t\t\t\t\t\t\t\t<a href=\"\/en\/sponsors-2024\/\">\n\n\t\t\t\t\t\t\t\t\t\t\t\t<span class=\"elementor-icon-list-icon\">\n\t\t\t\t\t\t\t<i aria-hidden=\"true\" class=\"fas fa-link\"><\/i>\t\t\t\t\t\t<\/span>\n\t\t\t\t\t\t\t\t\t\t<span class=\"elementor-icon-list-text\">Sponsors 2024<\/span>\n\t\t\t\t\t\t\t\t\t\t\t<\/a>\n\t\t\t\t\t\t\t\t\t<\/li>\n\t\t\t\t\t\t\t\t<li class=\"elementor-icon-list-item\">\n\t\t\t\t\t\t\t\t\t\t\t<a href=\"\/en\/sponsors-2023\/\">\n\n\t\t\t\t\t\t\t\t\t\t\t\t<span class=\"elementor-icon-list-icon\">\n\t\t\t\t\t\t\t<i aria-hidden=\"true\" class=\"fas fa-link\"><\/i>\t\t\t\t\t\t<\/span>\n\t\t\t\t\t\t\t\t\t\t<span class=\"elementor-icon-list-text\">Sponsors 2023<\/span>\n\t\t\t\t\t\t\t\t\t\t\t<\/a>\n\t\t\t\t\t\t\t\t\t<\/li>\n\t\t\t\t\t\t<\/ul>\n\t\t\t\t\t\t<\/div>\n\t\t\t\t<\/div>\n\t\t\t\t\t<\/div>\n\t\t<\/div>\n\t\t\t\t\t<\/div>\n\t\t<\/section>\n\t\t\t\t<\/div>\n\t\t","protected":false},"excerpt":{"rendered":"<p>Sponsors 2025 PRevious FEsTIVALS Sponsors 2024 Sponsors 2023<\/p>\n","protected":false},"author":5,"featured_media":0,"parent":0,"menu_order":0,"comment_status":"closed","ping_status":"closed","template":"page-full-width.php","meta":{"_acf_changed":false,"footnotes":""},"class_list":["post-21414","page","type-page","status-publish","hentry"],"acf":[],"yoast_head":"<!-- This site is optimized with the Yoast SEO plugin v24.4 - https:\/\/yoast.com\/wordpress\/plugins\/seo\/ -->\n<title>Sponsors 2025 - Stockfish kvikmynda- og bransah\u00e1t\u00ed\u00f0<\/title>\n<meta name=\"robots\" content=\"index, follow, max-snippet:-1, max-image-preview:large, max-video-preview:-1\" \/>\n<link rel=\"canonical\" href=\"https:\/\/stockfishfestival.is\/en\/sponsors-2025\/\" \/>\n<meta property=\"og:locale\" content=\"en_US\" \/>\n<meta property=\"og:type\" content=\"article\" \/>\n<meta property=\"og:title\" content=\"Sponsors 2025 - Stockfish kvikmynda- og bransah\u00e1t\u00ed\u00f0\" \/>\n<meta property=\"og:description\" content=\"Sponsors 2025 PRevious FEsTIVALS Sponsors 2024 Sponsors 2023\" \/>\n<meta property=\"og:url\" content=\"https:\/\/stockfishfestival.is\/en\/sponsors-2025\" \/>\n<meta property=\"og:site_name\" content=\"Stockfish kvikmynda- og bransah\u00e1t\u00ed\u00f0\" \/>\n<meta property=\"article:modified_time\" content=\"2025-01-24T11:38:51+00:00\" \/>\n<meta property=\"og:image\" content=\"https:\/\/stockfishfestival.is\/wp-content\/uploads\/2023\/01\/17039362_586429531563517_470229202197126815_o-1.jpg\" \/>\n<meta name=\"twitter:card\" content=\"summary_large_image\" \/>\n<meta name=\"twitter:label1\" content=\"Est. reading time\" \/>\n\t<meta name=\"twitter:data1\" content=\"2 minutes\" \/>\n<script type=\"application\/ld+json\" class=\"yoast-schema-graph\">{\"@context\":\"https:\/\/schema.org\",\"@graph\":[{\"@type\":\"WebPage\",\"@id\":\"https:\/\/stockfishfestival.is\/en\/sponsors-2025\",\"url\":\"https:\/\/stockfishfestival.is\/en\/sponsors-2025\",\"name\":\"Sponsors 2025 - Stockfish kvikmynda- og bransah\u00e1t\u00ed\u00f0\",\"isPartOf\":{\"@id\":\"https:\/\/stockfishfestival.is\/en\/#website\"},\"primaryImageOfPage\":{\"@id\":\"https:\/\/stockfishfestival.is\/en\/sponsors-2025#primaryimage\"},\"image\":{\"@id\":\"https:\/\/stockfishfestival.is\/en\/sponsors-2025#primaryimage\"},\"thumbnailUrl\":\"https:\/\/stockfishfestival.is\/wp-content\/uploads\/2023\/01\/17039362_586429531563517_470229202197126815_o-1.jpg\",\"datePublished\":\"2025-01-24T11:35:01+00:00\",\"dateModified\":\"2025-01-24T11:38:51+00:00\",\"breadcrumb\":{\"@id\":\"https:\/\/stockfishfestival.is\/en\/sponsors-2025#breadcrumb\"},\"inLanguage\":\"en-US\",\"potentialAction\":[{\"@type\":\"ReadAction\",\"target\":[\"https:\/\/stockfishfestival.is\/en\/sponsors-2025\"]}]},{\"@type\":\"ImageObject\",\"inLanguage\":\"en-US\",\"@id\":\"https:\/\/stockfishfestival.is\/en\/sponsors-2025#primaryimage\",\"url\":\"https:\/\/stockfishfestival.is\/wp-content\/uploads\/2023\/01\/17039362_586429531563517_470229202197126815_o-1.jpg\",\"contentUrl\":\"https:\/\/stockfishfestival.is\/wp-content\/uploads\/2023\/01\/17039362_586429531563517_470229202197126815_o-1.jpg\"},{\"@type\":\"BreadcrumbList\",\"@id\":\"https:\/\/stockfishfestival.is\/en\/sponsors-2025#breadcrumb\",\"itemListElement\":[{\"@type\":\"ListItem\",\"position\":1,\"name\":\"Home\",\"item\":\"https:\/\/stockfishfestival.is\/en\/\"},{\"@type\":\"ListItem\",\"position\":2,\"name\":\"Sponsors 2025\"}]},{\"@type\":\"WebSite\",\"@id\":\"https:\/\/stockfishfestival.is\/en\/#website\",\"url\":\"https:\/\/stockfishfestival.is\/en\/\",\"name\":\"Stockfish kvikmynda- og bransah\u00e1t\u00ed\u00f0\",\"description\":\"\",\"potentialAction\":[{\"@type\":\"SearchAction\",\"target\":{\"@type\":\"EntryPoint\",\"urlTemplate\":\"https:\/\/stockfishfestival.is\/en\/?s={search_term_string}\"},\"query-input\":{\"@type\":\"PropertyValueSpecification\",\"valueRequired\":true,\"valueName\":\"search_term_string\"}}],\"inLanguage\":\"en-US\"}]}<\/script>\n<!-- \/ Yoast SEO plugin. -->","yoast_head_json":{"title":"Sponsors 2025 - Stockfish kvikmynda- og bransah\u00e1t\u00ed\u00f0","robots":{"index":"index","follow":"follow","max-snippet":"max-snippet:-1","max-image-preview":"max-image-preview:large","max-video-preview":"max-video-preview:-1"},"canonical":"https:\/\/stockfishfestival.is\/en\/sponsors-2025\/","og_locale":"en_US","og_type":"article","og_title":"Sponsors 2025 - Stockfish kvikmynda- og bransah\u00e1t\u00ed\u00f0","og_description":"Sponsors 2025 PRevious FEsTIVALS Sponsors 2024 Sponsors 2023","og_url":"https:\/\/stockfishfestival.is\/en\/sponsors-2025","og_site_name":"Stockfish kvikmynda- og bransah\u00e1t\u00ed\u00f0","article_modified_time":"2025-01-24T11:38:51+00:00","og_image":[{"url":"https:\/\/stockfishfestival.is\/wp-content\/uploads\/2023\/01\/17039362_586429531563517_470229202197126815_o-1.jpg","type":"","width":"","height":""}],"twitter_card":"summary_large_image","twitter_misc":{"Est. reading time":"2 minutes"},"schema":{"@context":"https:\/\/schema.org","@graph":[{"@type":"WebPage","@id":"https:\/\/stockfishfestival.is\/en\/sponsors-2025","url":"https:\/\/stockfishfestival.is\/en\/sponsors-2025","name":"Sponsors 2025 - Stockfish kvikmynda- og bransah\u00e1t\u00ed\u00f0","isPartOf":{"@id":"https:\/\/stockfishfestival.is\/en\/#website"},"primaryImageOfPage":{"@id":"https:\/\/stockfishfestival.is\/en\/sponsors-2025#primaryimage"},"image":{"@id":"https:\/\/stockfishfestival.is\/en\/sponsors-2025#primaryimage"},"thumbnailUrl":"https:\/\/stockfishfestival.is\/wp-content\/uploads\/2023\/01\/17039362_586429531563517_470229202197126815_o-1.jpg","datePublished":"2025-01-24T11:35:01+00:00","dateModified":"2025-01-24T11:38:51+00:00","breadcrumb":{"@id":"https:\/\/stockfishfestival.is\/en\/sponsors-2025#breadcrumb"},"inLanguage":"en-US","potentialAction":[{"@type":"ReadAction","target":["https:\/\/stockfishfestival.is\/en\/sponsors-2025"]}]},{"@type":"ImageObject","inLanguage":"en-US","@id":"https:\/\/stockfishfestival.is\/en\/sponsors-2025#primaryimage","url":"https:\/\/stockfishfestival.is\/wp-content\/uploads\/2023\/01\/17039362_586429531563517_470229202197126815_o-1.jpg","contentUrl":"https:\/\/stockfishfestival.is\/wp-content\/uploads\/2023\/01\/17039362_586429531563517_470229202197126815_o-1.jpg"},{"@type":"BreadcrumbList","@id":"https:\/\/stockfishfestival.is\/en\/sponsors-2025#breadcrumb","itemListElement":[{"@type":"ListItem","position":1,"name":"Home","item":"https:\/\/stockfishfestival.is\/en\/"},{"@type":"ListItem","position":2,"name":"Sponsors 2025"}]},{"@type":"WebSite","@id":"https:\/\/stockfishfestival.is\/en\/#website","url":"https:\/\/stockfishfestival.is\/en\/","name":"Stockfish kvikmynda- og bransah\u00e1t\u00ed\u00f0","description":"","potentialAction":[{"@type":"SearchAction","target":{"@type":"EntryPoint","urlTemplate":"https:\/\/stockfishfestival.is\/en\/?s={search_term_string}"},"query-input":{"@type":"PropertyValueSpecification","valueRequired":true,"valueName":"search_term_string"}}],"inLanguage":"en-US"}]}},"_links":{"self":[{"href":"https:\/\/stockfishfestival.is\/en\/wp-json\/wp\/v2\/pages\/21414","targetHints":{"allow":["GET"]}}],"collection":[{"href":"https:\/\/stockfishfestival.is\/en\/wp-json\/wp\/v2\/pages"}],"about":[{"href":"https:\/\/stockfishfestival.is\/en\/wp-json\/wp\/v2\/types\/page"}],"author":[{"embeddable":true,"href":"https:\/\/stockfishfestival.is\/en\/wp-json\/wp\/v2\/users\/5"}],"replies":[{"embeddable":true,"href":"https:\/\/stockfishfestival.is\/en\/wp-json\/wp\/v2\/comments?post=21414"}],"version-history":[{"count":5,"href":"https:\/\/stockfishfestival.is\/en\/wp-json\/wp\/v2\/pages\/21414\/revisions"}],"predecessor-version":[{"id":21426,"href":"https:\/\/stockfishfestival.is\/en\/wp-json\/wp\/v2\/pages\/21414\/revisions\/21426"}],"wp:attachment":[{"href":"https:\/\/stockfishfestival.is\/en\/wp-json\/wp\/v2\/media?parent=21414"}],"curies":[{"name":"wp","href":"https:\/\/api.w.org\/{rel}","templated":true}]}}