{"id":26486,"date":"2025-11-08T13:11:30","date_gmt":"2025-11-08T13:11:30","guid":{"rendered":"https:\/\/stockfishfestival.is\/tickets-2026\/"},"modified":"2026-02-26T17:55:00","modified_gmt":"2026-02-26T17:55:00","slug":"tickets-2026","status":"publish","type":"page","link":"https:\/\/stockfishfestival.is\/en\/tickets-2026\/","title":{"rendered":"Passes"},"content":{"rendered":"\t\t<div data-elementor-type=\"wp-page\" data-elementor-id=\"26486\" class=\"elementor elementor-26486 elementor-24690\" data-elementor-post-type=\"page\">\n\t\t\t\t\t\t<section class=\"elementor-section elementor-top-section elementor-element elementor-element-f53ae72 elementor-section-full_width elementor-section-height-min-height elementor-hidden-mobile elementor-section-height-default elementor-section-items-middle qodef-elementor-content-no\" data-id=\"f53ae72\" data-element_type=\"section\" data-settings=\"{&quot;background_background&quot;:&quot;classic&quot;}\">\n\t\t\t\t\t\t<div class=\"elementor-container elementor-column-gap-default\">\n\t\t\t\t\t<div class=\"elementor-column elementor-col-16 elementor-top-column elementor-element elementor-element-09a7ae4\" data-id=\"09a7ae4\" data-element_type=\"column\">\n\t\t\t<div class=\"elementor-widget-wrap elementor-element-populated\">\n\t\t\t\t\t\t<div class=\"elementor-element elementor-element-5af25b4 elementor-widget elementor-widget-image\" data-id=\"5af25b4\" data-element_type=\"widget\" data-widget_type=\"image.default\">\n\t\t\t\t<div class=\"elementor-widget-container\">\n\t\t\t\t\t\t\t\t\t\t\t\t\t\t\t<img fetchpriority=\"high\" decoding=\"async\" width=\"1333\" height=\"1333\" src=\"https:\/\/stockfishfestival.is\/wp-content\/uploads\/2023\/01\/17097452_586066678266469_2156624952157291128_o-2.jpg\" class=\"attachment-full size-full wp-image-10989\" alt=\"\" srcset=\"https:\/\/stockfishfestival.is\/wp-content\/uploads\/2023\/01\/17097452_586066678266469_2156624952157291128_o-2.jpg 1333w, https:\/\/stockfishfestival.is\/wp-content\/uploads\/2023\/01\/17097452_586066678266469_2156624952157291128_o-2-300x300.jpg 300w, https:\/\/stockfishfestival.is\/wp-content\/uploads\/2023\/01\/17097452_586066678266469_2156624952157291128_o-2-1024x1024.jpg 1024w, https:\/\/stockfishfestival.is\/wp-content\/uploads\/2023\/01\/17097452_586066678266469_2156624952157291128_o-2-150x150.jpg 150w, https:\/\/stockfishfestival.is\/wp-content\/uploads\/2023\/01\/17097452_586066678266469_2156624952157291128_o-2-768x768.jpg 768w, https:\/\/stockfishfestival.is\/wp-content\/uploads\/2023\/01\/17097452_586066678266469_2156624952157291128_o-2-650x650.jpg 650w, https:\/\/stockfishfestival.is\/wp-content\/uploads\/2023\/01\/17097452_586066678266469_2156624952157291128_o-2-1300x1300.jpg 1300w, https:\/\/stockfishfestival.is\/wp-content\/uploads\/2023\/01\/17097452_586066678266469_2156624952157291128_o-2-600x600.jpg 600w, https:\/\/stockfishfestival.is\/wp-content\/uploads\/2023\/01\/17097452_586066678266469_2156624952157291128_o-2-100x100.jpg 100w\" sizes=\"(max-width: 1333px) 100vw, 1333px\" \/>\t\t\t\t\t\t\t\t\t\t\t\t\t\t\t<\/div>\n\t\t\t\t<\/div>\n\t\t\t\t\t<\/div>\n\t\t<\/div>\n\t\t\t\t<div class=\"elementor-column elementor-col-16 elementor-top-column elementor-element elementor-element-ec757b7\" data-id=\"ec757b7\" data-element_type=\"column\">\n\t\t\t<div class=\"elementor-widget-wrap elementor-element-populated\">\n\t\t\t\t\t\t<div class=\"elementor-element elementor-element-31ab8d0 elementor-widget elementor-widget-image\" data-id=\"31ab8d0\" data-element_type=\"widget\" data-widget_type=\"image.default\">\n\t\t\t\t<div class=\"elementor-widget-container\">\n\t\t\t\t\t\t\t\t\t\t\t\t\t\t\t<img decoding=\"async\" width=\"414\" height=\"414\" src=\"https:\/\/stockfishfestival.is\/wp-content\/uploads\/2023\/01\/11004572_339758959563910_5800112169701401990_o.jpg\" class=\"attachment-large size-large wp-image-10997\" alt=\"\" srcset=\"https:\/\/stockfishfestival.is\/wp-content\/uploads\/2023\/01\/11004572_339758959563910_5800112169701401990_o.jpg 414w, https:\/\/stockfishfestival.is\/wp-content\/uploads\/2023\/01\/11004572_339758959563910_5800112169701401990_o-300x300.jpg 300w, https:\/\/stockfishfestival.is\/wp-content\/uploads\/2023\/01\/11004572_339758959563910_5800112169701401990_o-150x150.jpg 150w, https:\/\/stockfishfestival.is\/wp-content\/uploads\/2023\/01\/11004572_339758959563910_5800112169701401990_o-100x100.jpg 100w\" sizes=\"(max-width: 414px) 100vw, 414px\" \/>\t\t\t\t\t\t\t\t\t\t\t\t\t\t\t<\/div>\n\t\t\t\t<\/div>\n\t\t\t\t\t<\/div>\n\t\t<\/div>\n\t\t\t\t<div class=\"elementor-column elementor-col-16 elementor-top-column elementor-element elementor-element-e6751c7\" data-id=\"e6751c7\" data-element_type=\"column\">\n\t\t\t<div class=\"elementor-widget-wrap elementor-element-populated\">\n\t\t\t\t\t\t<div class=\"elementor-element elementor-element-ea85807 elementor-widget elementor-widget-image\" data-id=\"ea85807\" data-element_type=\"widget\" data-widget_type=\"image.default\">\n\t\t\t\t<div class=\"elementor-widget-container\">\n\t\t\t\t\t\t\t\t\t\t\t\t\t\t\t<img decoding=\"async\" width=\"1024\" height=\"1024\" src=\"https:\/\/stockfishfestival.is\/wp-content\/uploads\/2023\/01\/blackwhite-1024x1024.jpg\" class=\"attachment-large size-large wp-image-11022\" alt=\"\" srcset=\"https:\/\/stockfishfestival.is\/wp-content\/uploads\/2023\/01\/blackwhite-1024x1024.jpg 1024w, https:\/\/stockfishfestival.is\/wp-content\/uploads\/2023\/01\/blackwhite-300x300.jpg 300w, https:\/\/stockfishfestival.is\/wp-content\/uploads\/2023\/01\/blackwhite-150x150.jpg 150w, https:\/\/stockfishfestival.is\/wp-content\/uploads\/2023\/01\/blackwhite-768x768.jpg 768w, https:\/\/stockfishfestival.is\/wp-content\/uploads\/2023\/01\/blackwhite-650x650.jpg 650w, https:\/\/stockfishfestival.is\/wp-content\/uploads\/2023\/01\/blackwhite-1300x1300.jpg 1300w, https:\/\/stockfishfestival.is\/wp-content\/uploads\/2023\/01\/blackwhite-600x600.jpg 600w, https:\/\/stockfishfestival.is\/wp-content\/uploads\/2023\/01\/blackwhite-100x100.jpg 100w, https:\/\/stockfishfestival.is\/wp-content\/uploads\/2023\/01\/blackwhite.jpg 1333w\" sizes=\"(max-width: 1024px) 100vw, 1024px\" \/>\t\t\t\t\t\t\t\t\t\t\t\t\t\t\t<\/div>\n\t\t\t\t<\/div>\n\t\t\t\t\t<\/div>\n\t\t<\/div>\n\t\t\t\t<div class=\"elementor-column elementor-col-16 elementor-top-column elementor-element elementor-element-d5f2c7b\" data-id=\"d5f2c7b\" data-element_type=\"column\">\n\t\t\t<div class=\"elementor-widget-wrap elementor-element-populated\">\n\t\t\t\t\t\t<div class=\"elementor-element elementor-element-3f15760 elementor-widget elementor-widget-image\" data-id=\"3f15760\" data-element_type=\"widget\" data-widget_type=\"image.default\">\n\t\t\t\t<div class=\"elementor-widget-container\">\n\t\t\t\t\t\t\t\t\t\t\t\t\t\t\t<img loading=\"lazy\" decoding=\"async\" width=\"1024\" height=\"1024\" src=\"https:\/\/stockfishfestival.is\/wp-content\/uploads\/2023\/01\/16904803_584586651747805_8680814613788714765_o-2-1024x1024.jpg\" class=\"attachment-large size-large wp-image-10977\" alt=\"\" srcset=\"https:\/\/stockfishfestival.is\/wp-content\/uploads\/2023\/01\/16904803_584586651747805_8680814613788714765_o-2-1024x1024.jpg 1024w, https:\/\/stockfishfestival.is\/wp-content\/uploads\/2023\/01\/16904803_584586651747805_8680814613788714765_o-2-300x300.jpg 300w, https:\/\/stockfishfestival.is\/wp-content\/uploads\/2023\/01\/16904803_584586651747805_8680814613788714765_o-2-150x150.jpg 150w, https:\/\/stockfishfestival.is\/wp-content\/uploads\/2023\/01\/16904803_584586651747805_8680814613788714765_o-2-768x768.jpg 768w, https:\/\/stockfishfestival.is\/wp-content\/uploads\/2023\/01\/16904803_584586651747805_8680814613788714765_o-2-650x650.jpg 650w, https:\/\/stockfishfestival.is\/wp-content\/uploads\/2023\/01\/16904803_584586651747805_8680814613788714765_o-2-600x600.jpg 600w, https:\/\/stockfishfestival.is\/wp-content\/uploads\/2023\/01\/16904803_584586651747805_8680814613788714765_o-2-100x100.jpg 100w, https:\/\/stockfishfestival.is\/wp-content\/uploads\/2023\/01\/16904803_584586651747805_8680814613788714765_o-2.jpg 1280w\" sizes=\"(max-width: 1024px) 100vw, 1024px\" \/>\t\t\t\t\t\t\t\t\t\t\t\t\t\t\t<\/div>\n\t\t\t\t<\/div>\n\t\t\t\t\t<\/div>\n\t\t<\/div>\n\t\t\t\t<div class=\"elementor-column elementor-col-16 elementor-top-column elementor-element elementor-element-ecb42a0\" data-id=\"ecb42a0\" data-element_type=\"column\">\n\t\t\t<div class=\"elementor-widget-wrap elementor-element-populated\">\n\t\t\t\t\t\t<div class=\"elementor-element elementor-element-387d09d elementor-widget elementor-widget-image\" data-id=\"387d09d\" data-element_type=\"widget\" data-widget_type=\"image.default\">\n\t\t\t\t<div class=\"elementor-widget-container\">\n\t\t\t\t\t\t\t\t\t\t\t\t\t\t\t<img loading=\"lazy\" decoding=\"async\" width=\"414\" height=\"414\" src=\"https:\/\/stockfishfestival.is\/wp-content\/uploads\/2023\/01\/viggavigga.jpg\" class=\"attachment-large size-large wp-image-11020\" alt=\"\" srcset=\"https:\/\/stockfishfestival.is\/wp-content\/uploads\/2023\/01\/viggavigga.jpg 414w, https:\/\/stockfishfestival.is\/wp-content\/uploads\/2023\/01\/viggavigga-300x300.jpg 300w, https:\/\/stockfishfestival.is\/wp-content\/uploads\/2023\/01\/viggavigga-150x150.jpg 150w, https:\/\/stockfishfestival.is\/wp-content\/uploads\/2023\/01\/viggavigga-100x100.jpg 100w\" sizes=\"(max-width: 414px) 100vw, 414px\" \/>\t\t\t\t\t\t\t\t\t\t\t\t\t\t\t<\/div>\n\t\t\t\t<\/div>\n\t\t\t\t\t<\/div>\n\t\t<\/div>\n\t\t\t\t<div class=\"elementor-column elementor-col-16 elementor-top-column elementor-element elementor-element-dcf1161\" data-id=\"dcf1161\" data-element_type=\"column\">\n\t\t\t<div class=\"elementor-widget-wrap elementor-element-populated\">\n\t\t\t\t\t\t<div class=\"elementor-element elementor-element-4e7d015 elementor-widget elementor-widget-image\" data-id=\"4e7d015\" data-element_type=\"widget\" data-widget_type=\"image.default\">\n\t\t\t\t<div class=\"elementor-widget-container\">\n\t\t\t\t\t\t\t\t\t\t\t\t\t\t\t<img loading=\"lazy\" decoding=\"async\" width=\"1024\" height=\"1024\" src=\"https:\/\/stockfishfestival.is\/wp-content\/uploads\/2023\/01\/52881268_972573352949131_6139371783574257664_n-2-1024x1024.jpg\" class=\"attachment-large size-large wp-image-10981\" alt=\"\" srcset=\"https:\/\/stockfishfestival.is\/wp-content\/uploads\/2023\/01\/52881268_972573352949131_6139371783574257664_n-2-1024x1024.jpg 1024w, https:\/\/stockfishfestival.is\/wp-content\/uploads\/2023\/01\/52881268_972573352949131_6139371783574257664_n-2-300x300.jpg 300w, https:\/\/stockfishfestival.is\/wp-content\/uploads\/2023\/01\/52881268_972573352949131_6139371783574257664_n-2-150x150.jpg 150w, https:\/\/stockfishfestival.is\/wp-content\/uploads\/2023\/01\/52881268_972573352949131_6139371783574257664_n-2-768x768.jpg 768w, https:\/\/stockfishfestival.is\/wp-content\/uploads\/2023\/01\/52881268_972573352949131_6139371783574257664_n-2-650x650.jpg 650w, https:\/\/stockfishfestival.is\/wp-content\/uploads\/2023\/01\/52881268_972573352949131_6139371783574257664_n-2-600x600.jpg 600w, https:\/\/stockfishfestival.is\/wp-content\/uploads\/2023\/01\/52881268_972573352949131_6139371783574257664_n-2-100x100.jpg 100w, https:\/\/stockfishfestival.is\/wp-content\/uploads\/2023\/01\/52881268_972573352949131_6139371783574257664_n-2.jpg 1197w\" sizes=\"(max-width: 1024px) 100vw, 1024px\" \/>\t\t\t\t\t\t\t\t\t\t\t\t\t\t\t<\/div>\n\t\t\t\t<\/div>\n\t\t\t\t\t<\/div>\n\t\t<\/div>\n\t\t\t\t\t<\/div>\n\t\t<\/section>\n\t\t\t\t<section class=\"elementor-section elementor-top-section elementor-element elementor-element-89ab3af qodef-elementor-content-grid elementor-section-boxed elementor-section-height-default elementor-section-height-default\" data-id=\"89ab3af\" data-element_type=\"section\">\n\t\t\t\t\t\t<div class=\"elementor-container elementor-column-gap-default\">\n\t\t\t\t\t<div class=\"elementor-column elementor-col-100 elementor-top-column elementor-element elementor-element-f9e8e22\" data-id=\"f9e8e22\" data-element_type=\"column\">\n\t\t\t<div class=\"elementor-widget-wrap\">\n\t\t\t\t\t\t\t<\/div>\n\t\t<\/div>\n\t\t\t\t\t<\/div>\n\t\t<\/section>\n\t\t\t\t<section class=\"elementor-section elementor-top-section elementor-element elementor-element-c38cdf7 elementor-section-boxed elementor-section-height-default elementor-section-height-default qodef-elementor-content-no\" data-id=\"c38cdf7\" data-element_type=\"section\">\n\t\t\t\t\t\t<div class=\"elementor-container elementor-column-gap-default\">\n\t\t\t\t\t<div class=\"elementor-column elementor-col-100 elementor-top-column elementor-element elementor-element-79531f5\" data-id=\"79531f5\" data-element_type=\"column\">\n\t\t\t<div class=\"elementor-widget-wrap elementor-element-populated\">\n\t\t\t\t\t\t<div class=\"elementor-element elementor-element-54a3c8a elementor-widget elementor-widget-text-editor\" data-id=\"54a3c8a\" data-element_type=\"widget\" data-widget_type=\"text-editor.default\">\n\t\t\t\t<div class=\"elementor-widget-container\">\n\t\t\t\t\t\t\t\t\t<p><a id=\"eventive-embed\" href=\"https:\/\/stockfish26.eventive.org\/passes\/buy\">View Stockfish film &amp; Industry Festival 2026 pass sales.<\/a><script type=\"text\/javascript\" src=\"https:\/\/stockfish26.eventive.org\/embed.js\"><\/script><\/p>\t\t\t\t\t\t\t\t<\/div>\n\t\t\t\t<\/div>\n\t\t\t\t\t<\/div>\n\t\t<\/div>\n\t\t\t\t\t<\/div>\n\t\t<\/section>\n\t\t\t\t<section class=\"elementor-section elementor-top-section elementor-element elementor-element-76e4c10 elementor-section-full_width qodef-elementor-content-grid elementor-section-height-default elementor-section-height-default\" data-id=\"76e4c10\" data-element_type=\"section\">\n\t\t\t\t\t\t<div class=\"elementor-container elementor-column-gap-default\">\n\t\t\t\t\t<div class=\"elementor-column elementor-col-100 elementor-top-column elementor-element elementor-element-0b4fbf5\" data-id=\"0b4fbf5\" data-element_type=\"column\">\n\t\t\t<div class=\"elementor-widget-wrap elementor-element-populated\">\n\t\t\t\t\t\t<div class=\"elementor-element elementor-element-f8cb270 elementor-widget-divider--view-line elementor-widget elementor-widget-divider\" data-id=\"f8cb270\" data-element_type=\"widget\" data-widget_type=\"divider.default\">\n\t\t\t\t<div class=\"elementor-widget-container\">\n\t\t\t\t\t\t\t<div class=\"elementor-divider\">\n\t\t\t<span class=\"elementor-divider-separator\">\n\t\t\t\t\t\t<\/span>\n\t\t<\/div>\n\t\t\t\t\t\t<\/div>\n\t\t\t\t<\/div>\n\t\t\t\t<div class=\"elementor-element elementor-element-c949d07 elementor-widget elementor-widget-heading\" data-id=\"c949d07\" data-element_type=\"widget\" data-widget_type=\"heading.default\">\n\t\t\t\t<div class=\"elementor-widget-container\">\n\t\t\t\t\t<h2 class=\"elementor-heading-title elementor-size-default\">Prior Festivals<\/h2>\t\t\t\t<\/div>\n\t\t\t\t<\/div>\n\t\t\t\t<div class=\"elementor-element elementor-element-54ad60c elementor-align-center elementor-icon-list--layout-traditional elementor-list-item-link-full_width elementor-widget elementor-widget-icon-list\" data-id=\"54ad60c\" data-element_type=\"widget\" data-widget_type=\"icon-list.default\">\n\t\t\t\t<div class=\"elementor-widget-container\">\n\t\t\t\t\t\t\t<ul class=\"elementor-icon-list-items\">\n\t\t\t\t\t\t\t<li class=\"elementor-icon-list-item\">\n\t\t\t\t\t\t\t\t\t\t\t<a href=\"https:\/\/stockfishfestival.is\/syningatimar-2025\">\n\n\t\t\t\t\t\t\t\t\t\t\t\t<span class=\"elementor-icon-list-icon\">\n\t\t\t\t\t\t\t<i aria-hidden=\"true\" class=\"fas fa-link\"><\/i>\t\t\t\t\t\t<\/span>\n\t\t\t\t\t\t\t\t\t\t<span class=\"elementor-icon-list-text\">2025 Schedule <\/span>\n\t\t\t\t\t\t\t\t\t\t\t<\/a>\n\t\t\t\t\t\t\t\t\t<\/li>\n\t\t\t\t\t\t\t\t<li class=\"elementor-icon-list-item\">\n\t\t\t\t\t\t\t\t\t\t\t<a href=\"https:\/\/stockfishfestival.is\/en\/screenings-2024\/\">\n\n\t\t\t\t\t\t\t\t\t\t\t\t<span class=\"elementor-icon-list-icon\">\n\t\t\t\t\t\t\t<i aria-hidden=\"true\" class=\"fas fa-link\"><\/i>\t\t\t\t\t\t<\/span>\n\t\t\t\t\t\t\t\t\t\t<span class=\"elementor-icon-list-text\">2024 Schedule<\/span>\n\t\t\t\t\t\t\t\t\t\t\t<\/a>\n\t\t\t\t\t\t\t\t\t<\/li>\n\t\t\t\t\t\t\t\t<li class=\"elementor-icon-list-item\">\n\t\t\t\t\t\t\t\t\t\t\t<a href=\"https:\/\/stockfishfestival.is\/en\/screenings-2023\/\">\n\n\t\t\t\t\t\t\t\t\t\t\t\t<span class=\"elementor-icon-list-icon\">\n\t\t\t\t\t\t\t<i aria-hidden=\"true\" class=\"fas fa-link\"><\/i>\t\t\t\t\t\t<\/span>\n\t\t\t\t\t\t\t\t\t\t<span class=\"elementor-icon-list-text\">2023 Schedule<\/span>\n\t\t\t\t\t\t\t\t\t\t\t<\/a>\n\t\t\t\t\t\t\t\t\t<\/li>\n\t\t\t\t\t\t<\/ul>\n\t\t\t\t\t\t<\/div>\n\t\t\t\t<\/div>\n\t\t\t\t\t<\/div>\n\t\t<\/div>\n\t\t\t\t\t<\/div>\n\t\t<\/section>\n\t\t\t\t<\/div>\n\t\t","protected":false},"excerpt":{"rendered":"<p>View Stockfish film &amp; Industry Festival 2026 pass sales. Prior Festivals 2025 Schedule 2024 Schedule 2023 Schedule<\/p>\n","protected":false},"author":5,"featured_media":0,"parent":0,"menu_order":0,"comment_status":"closed","ping_status":"closed","template":"page-full-width.php","meta":{"_acf_changed":false,"footnotes":""},"class_list":["post-26486","page","type-page","status-publish","hentry"],"acf":[],"yoast_head":"<!-- This site is optimized with the Yoast SEO plugin v24.4 - https:\/\/yoast.com\/wordpress\/plugins\/seo\/ -->\n<title>Passes - Stockfish kvikmynda- og bransah\u00e1t\u00ed\u00f0<\/title>\n<meta name=\"robots\" content=\"index, follow, max-snippet:-1, max-image-preview:large, max-video-preview:-1\" \/>\n<link rel=\"canonical\" href=\"https:\/\/stockfishfestival.is\/en\/tickets-2026\/\" \/>\n<meta property=\"og:locale\" content=\"en_US\" \/>\n<meta property=\"og:type\" content=\"article\" \/>\n<meta property=\"og:title\" content=\"Passes - Stockfish kvikmynda- og bransah\u00e1t\u00ed\u00f0\" \/>\n<meta property=\"og:description\" content=\"View Stockfish film &amp; Industry Festival 2026 pass sales. Prior Festivals 2025 Schedule 2024 Schedule 2023 Schedule\" \/>\n<meta property=\"og:url\" content=\"https:\/\/stockfishfestival.is\/en\/tickets-2026\/\" \/>\n<meta property=\"og:site_name\" content=\"Stockfish kvikmynda- og bransah\u00e1t\u00ed\u00f0\" \/>\n<meta property=\"article:modified_time\" content=\"2026-02-26T17:55:00+00:00\" \/>\n<meta property=\"og:image\" content=\"https:\/\/stockfishfestival.is\/wp-content\/uploads\/2023\/01\/17097452_586066678266469_2156624952157291128_o-2.jpg\" \/>\n\t<meta property=\"og:image:width\" content=\"1333\" \/>\n\t<meta property=\"og:image:height\" content=\"1333\" \/>\n\t<meta property=\"og:image:type\" content=\"image\/jpeg\" \/>\n<meta name=\"twitter:card\" content=\"summary_large_image\" \/>\n<meta name=\"twitter:label1\" content=\"Est. reading time\" \/>\n\t<meta name=\"twitter:data1\" content=\"2 minutes\" \/>\n<script type=\"application\/ld+json\" class=\"yoast-schema-graph\">{\"@context\":\"https:\/\/schema.org\",\"@graph\":[{\"@type\":\"WebPage\",\"@id\":\"https:\/\/stockfishfestival.is\/en\/tickets-2026\/\",\"url\":\"https:\/\/stockfishfestival.is\/en\/tickets-2026\/\",\"name\":\"Passes - Stockfish kvikmynda- og bransah\u00e1t\u00ed\u00f0\",\"isPartOf\":{\"@id\":\"https:\/\/stockfishfestival.is\/en\/#website\"},\"primaryImageOfPage\":{\"@id\":\"https:\/\/stockfishfestival.is\/en\/tickets-2026\/#primaryimage\"},\"image\":{\"@id\":\"https:\/\/stockfishfestival.is\/en\/tickets-2026\/#primaryimage\"},\"thumbnailUrl\":\"https:\/\/stockfishfestival.is\/wp-content\/uploads\/2023\/01\/17097452_586066678266469_2156624952157291128_o-2.jpg\",\"datePublished\":\"2025-11-08T13:11:30+00:00\",\"dateModified\":\"2026-02-26T17:55:00+00:00\",\"breadcrumb\":{\"@id\":\"https:\/\/stockfishfestival.is\/en\/tickets-2026\/#breadcrumb\"},\"inLanguage\":\"en-US\",\"potentialAction\":[{\"@type\":\"ReadAction\",\"target\":[\"https:\/\/stockfishfestival.is\/en\/tickets-2026\/\"]}]},{\"@type\":\"ImageObject\",\"inLanguage\":\"en-US\",\"@id\":\"https:\/\/stockfishfestival.is\/en\/tickets-2026\/#primaryimage\",\"url\":\"https:\/\/stockfishfestival.is\/wp-content\/uploads\/2023\/01\/17097452_586066678266469_2156624952157291128_o-2.jpg\",\"contentUrl\":\"https:\/\/stockfishfestival.is\/wp-content\/uploads\/2023\/01\/17097452_586066678266469_2156624952157291128_o-2.jpg\"},{\"@type\":\"BreadcrumbList\",\"@id\":\"https:\/\/stockfishfestival.is\/en\/tickets-2026\/#breadcrumb\",\"itemListElement\":[{\"@type\":\"ListItem\",\"position\":1,\"name\":\"Home\",\"item\":\"https:\/\/stockfishfestival.is\/en\/\"},{\"@type\":\"ListItem\",\"position\":2,\"name\":\"Passes\"}]},{\"@type\":\"WebSite\",\"@id\":\"https:\/\/stockfishfestival.is\/en\/#website\",\"url\":\"https:\/\/stockfishfestival.is\/en\/\",\"name\":\"Stockfish kvikmynda- og bransah\u00e1t\u00ed\u00f0\",\"description\":\"\",\"potentialAction\":[{\"@type\":\"SearchAction\",\"target\":{\"@type\":\"EntryPoint\",\"urlTemplate\":\"https:\/\/stockfishfestival.is\/en\/?s={search_term_string}\"},\"query-input\":{\"@type\":\"PropertyValueSpecification\",\"valueRequired\":true,\"valueName\":\"search_term_string\"}}],\"inLanguage\":\"en-US\"}]}<\/script>\n<!-- \/ Yoast SEO plugin. -->","yoast_head_json":{"title":"Passes - Stockfish kvikmynda- og bransah\u00e1t\u00ed\u00f0","robots":{"index":"index","follow":"follow","max-snippet":"max-snippet:-1","max-image-preview":"max-image-preview:large","max-video-preview":"max-video-preview:-1"},"canonical":"https:\/\/stockfishfestival.is\/en\/tickets-2026\/","og_locale":"en_US","og_type":"article","og_title":"Passes - Stockfish kvikmynda- og bransah\u00e1t\u00ed\u00f0","og_description":"View Stockfish film &amp; Industry Festival 2026 pass sales. Prior Festivals 2025 Schedule 2024 Schedule 2023 Schedule","og_url":"https:\/\/stockfishfestival.is\/en\/tickets-2026\/","og_site_name":"Stockfish kvikmynda- og bransah\u00e1t\u00ed\u00f0","article_modified_time":"2026-02-26T17:55:00+00:00","og_image":[{"width":1333,"height":1333,"url":"https:\/\/stockfishfestival.is\/wp-content\/uploads\/2023\/01\/17097452_586066678266469_2156624952157291128_o-2.jpg","type":"image\/jpeg"}],"twitter_card":"summary_large_image","twitter_misc":{"Est. reading time":"2 minutes"},"schema":{"@context":"https:\/\/schema.org","@graph":[{"@type":"WebPage","@id":"https:\/\/stockfishfestival.is\/en\/tickets-2026\/","url":"https:\/\/stockfishfestival.is\/en\/tickets-2026\/","name":"Passes - Stockfish kvikmynda- og bransah\u00e1t\u00ed\u00f0","isPartOf":{"@id":"https:\/\/stockfishfestival.is\/en\/#website"},"primaryImageOfPage":{"@id":"https:\/\/stockfishfestival.is\/en\/tickets-2026\/#primaryimage"},"image":{"@id":"https:\/\/stockfishfestival.is\/en\/tickets-2026\/#primaryimage"},"thumbnailUrl":"https:\/\/stockfishfestival.is\/wp-content\/uploads\/2023\/01\/17097452_586066678266469_2156624952157291128_o-2.jpg","datePublished":"2025-11-08T13:11:30+00:00","dateModified":"2026-02-26T17:55:00+00:00","breadcrumb":{"@id":"https:\/\/stockfishfestival.is\/en\/tickets-2026\/#breadcrumb"},"inLanguage":"en-US","potentialAction":[{"@type":"ReadAction","target":["https:\/\/stockfishfestival.is\/en\/tickets-2026\/"]}]},{"@type":"ImageObject","inLanguage":"en-US","@id":"https:\/\/stockfishfestival.is\/en\/tickets-2026\/#primaryimage","url":"https:\/\/stockfishfestival.is\/wp-content\/uploads\/2023\/01\/17097452_586066678266469_2156624952157291128_o-2.jpg","contentUrl":"https:\/\/stockfishfestival.is\/wp-content\/uploads\/2023\/01\/17097452_586066678266469_2156624952157291128_o-2.jpg"},{"@type":"BreadcrumbList","@id":"https:\/\/stockfishfestival.is\/en\/tickets-2026\/#breadcrumb","itemListElement":[{"@type":"ListItem","position":1,"name":"Home","item":"https:\/\/stockfishfestival.is\/en\/"},{"@type":"ListItem","position":2,"name":"Passes"}]},{"@type":"WebSite","@id":"https:\/\/stockfishfestival.is\/en\/#website","url":"https:\/\/stockfishfestival.is\/en\/","name":"Stockfish kvikmynda- og bransah\u00e1t\u00ed\u00f0","description":"","potentialAction":[{"@type":"SearchAction","target":{"@type":"EntryPoint","urlTemplate":"https:\/\/stockfishfestival.is\/en\/?s={search_term_string}"},"query-input":{"@type":"PropertyValueSpecification","valueRequired":true,"valueName":"search_term_string"}}],"inLanguage":"en-US"}]}},"_links":{"self":[{"href":"https:\/\/stockfishfestival.is\/en\/wp-json\/wp\/v2\/pages\/26486","targetHints":{"allow":["GET"]}}],"collection":[{"href":"https:\/\/stockfishfestival.is\/en\/wp-json\/wp\/v2\/pages"}],"about":[{"href":"https:\/\/stockfishfestival.is\/en\/wp-json\/wp\/v2\/types\/page"}],"author":[{"embeddable":true,"href":"https:\/\/stockfishfestival.is\/en\/wp-json\/wp\/v2\/users\/5"}],"replies":[{"embeddable":true,"href":"https:\/\/stockfishfestival.is\/en\/wp-json\/wp\/v2\/comments?post=26486"}],"version-history":[{"count":9,"href":"https:\/\/stockfishfestival.is\/en\/wp-json\/wp\/v2\/pages\/26486\/revisions"}],"predecessor-version":[{"id":26505,"href":"https:\/\/stockfishfestival.is\/en\/wp-json\/wp\/v2\/pages\/26486\/revisions\/26505"}],"wp:attachment":[{"href":"https:\/\/stockfishfestival.is\/en\/wp-json\/wp\/v2\/media?parent=26486"}],"curies":[{"name":"wp","href":"https:\/\/api.w.org\/{rel}","templated":true}]}}