{"id":26595,"date":"2026-02-28T15:01:12","date_gmt":"2026-02-28T15:01:12","guid":{"rendered":"https:\/\/stockfishfestival.is\/?page_id=26595"},"modified":"2026-02-28T17:01:30","modified_gmt":"2026-02-28T17:01:30","slug":"kids-youth","status":"publish","type":"page","link":"https:\/\/stockfishfestival.is\/en\/kids-youth\/","title":{"rendered":"KIDS PROGRAM"},"content":{"rendered":"\t\t<div data-elementor-type=\"wp-page\" data-elementor-id=\"26595\" class=\"elementor elementor-26595\" data-elementor-post-type=\"page\">\n\t\t\t\t\t\t<section class=\"elementor-section elementor-top-section elementor-element elementor-element-50ebaca elementor-section-boxed elementor-section-height-default elementor-section-height-default qodef-elementor-content-no\" data-id=\"50ebaca\" data-element_type=\"section\">\n\t\t\t\t\t\t<div class=\"elementor-container elementor-column-gap-default\">\n\t\t\t\t\t<div class=\"elementor-column elementor-col-100 elementor-top-column elementor-element elementor-element-6b50d5c\" data-id=\"6b50d5c\" data-element_type=\"column\">\n\t\t\t<div class=\"elementor-widget-wrap elementor-element-populated\">\n\t\t\t\t\t\t<div class=\"elementor-element elementor-element-992190b elementor-widget elementor-widget-heading\" data-id=\"992190b\" data-element_type=\"widget\" data-widget_type=\"heading.default\">\n\t\t\t\t<div class=\"elementor-widget-container\">\n\t\t\t\t\t<h2 class=\"elementor-heading-title elementor-size-default\">KIDS &amp; YOUTH PROGRAM<\/h2>\t\t\t\t<\/div>\n\t\t\t\t<\/div>\n\t\t\t\t\t<\/div>\n\t\t<\/div>\n\t\t\t\t\t<\/div>\n\t\t<\/section>\n\t\t\t\t<section class=\"elementor-section elementor-top-section elementor-element elementor-element-617b6ab elementor-section-boxed elementor-section-height-default elementor-section-height-default qodef-elementor-content-no\" data-id=\"617b6ab\" data-element_type=\"section\">\n\t\t\t\t\t\t<div class=\"elementor-container elementor-column-gap-default\">\n\t\t\t\t\t<div class=\"elementor-column elementor-col-100 elementor-top-column elementor-element elementor-element-9cd0edb\" data-id=\"9cd0edb\" data-element_type=\"column\">\n\t\t\t<div class=\"elementor-widget-wrap\">\n\t\t\t\t\t\t\t<\/div>\n\t\t<\/div>\n\t\t\t\t\t<\/div>\n\t\t<\/section>\n\t\t\t\t<section class=\"elementor-section elementor-top-section elementor-element elementor-element-e4e2616 elementor-section-boxed elementor-section-height-default elementor-section-height-default qodef-elementor-content-no\" data-id=\"e4e2616\" data-element_type=\"section\">\n\t\t\t\t\t\t<div class=\"elementor-container elementor-column-gap-default\">\n\t\t\t\t\t<div class=\"elementor-column elementor-col-100 elementor-top-column elementor-element elementor-element-e146690\" data-id=\"e146690\" data-element_type=\"column\">\n\t\t\t<div class=\"elementor-widget-wrap elementor-element-populated\">\n\t\t\t\t\t\t<div class=\"elementor-element elementor-element-ba4e707 elementor-widget elementor-widget-heading\" data-id=\"ba4e707\" data-element_type=\"widget\" data-widget_type=\"heading.default\">\n\t\t\t\t<div class=\"elementor-widget-container\">\n\t\t\t\t\t<h4 class=\"elementor-heading-title elementor-size-default\">B\u00ed\u00f3 parad\u00eds 28th of march at 2pm<\/h4>\t\t\t\t<\/div>\n\t\t\t\t<\/div>\n\t\t\t\t\t<\/div>\n\t\t<\/div>\n\t\t\t\t\t<\/div>\n\t\t<\/section>\n\t\t\t\t<section class=\"elementor-section elementor-top-section elementor-element elementor-element-ad0689a elementor-section-boxed elementor-section-height-default elementor-section-height-default qodef-elementor-content-no\" data-id=\"ad0689a\" data-element_type=\"section\">\n\t\t\t\t\t\t<div class=\"elementor-container elementor-column-gap-default\">\n\t\t\t\t\t<div class=\"elementor-column elementor-col-100 elementor-top-column elementor-element elementor-element-a6b1abb\" data-id=\"a6b1abb\" data-element_type=\"column\">\n\t\t\t<div class=\"elementor-widget-wrap elementor-element-populated\">\n\t\t\t\t\t\t<div class=\"elementor-element elementor-element-279ecd5 elementor-widget elementor-widget-video\" data-id=\"279ecd5\" data-element_type=\"widget\" data-settings=\"{&quot;youtube_url&quot;:&quot;https:\\\/\\\/www.youtube.com\\\/watch?v=M72avENUrbY&quot;,&quot;video_type&quot;:&quot;youtube&quot;,&quot;controls&quot;:&quot;yes&quot;}\" data-widget_type=\"video.default\">\n\t\t\t\t<div class=\"elementor-widget-container\">\n\t\t\t\t\t\t\t<div class=\"elementor-wrapper elementor-open-inline\">\n\t\t\t<div class=\"elementor-video\"><\/div>\t\t<\/div>\n\t\t\t\t\t\t<\/div>\n\t\t\t\t<\/div>\n\t\t\t\t<div class=\"elementor-element elementor-element-aadb8b4 elementor-widget elementor-widget-image-box\" data-id=\"aadb8b4\" data-element_type=\"widget\" data-widget_type=\"image-box.default\">\n\t\t\t\t<div class=\"elementor-widget-container\">\n\t\t\t\t\t<div class=\"elementor-image-box-wrapper\"><div class=\"elementor-image-box-content\"><h3 class=\"elementor-image-box-title\">WOLFWALKERS<\/h3><p class=\"elementor-image-box-description\">Wolfwalkers is a 2020 animated fantasy film directed by Tomm Moore and Ross Stewart, produced by Cartoon Saloon. Set in 17th-century Ireland, it blends folklore, history, and hand-drawn animation. The film is praised for its distinctive hand-drawn style inspired by Celtic art and for its emotional storytelling. It was nominated for the Academy Award for Best Animated Feature.<\/p><\/div><\/div>\t\t\t\t<\/div>\n\t\t\t\t<\/div>\n\t\t\t\t\t<\/div>\n\t\t<\/div>\n\t\t\t\t\t<\/div>\n\t\t<\/section>\n\t\t\t\t<section class=\"elementor-section elementor-top-section elementor-element elementor-element-fd6bb6a elementor-section-boxed elementor-section-height-default elementor-section-height-default qodef-elementor-content-no\" data-id=\"fd6bb6a\" data-element_type=\"section\">\n\t\t\t\t\t\t<div class=\"elementor-container elementor-column-gap-default\">\n\t\t\t\t\t<div class=\"elementor-column elementor-col-100 elementor-top-column elementor-element elementor-element-fae37d8\" data-id=\"fae37d8\" data-element_type=\"column\">\n\t\t\t<div class=\"elementor-widget-wrap elementor-element-populated\">\n\t\t\t\t\t\t<div class=\"elementor-element elementor-element-c79ddf0 elementor-align-center elementor-widget elementor-widget-button\" data-id=\"c79ddf0\" data-element_type=\"widget\" data-widget_type=\"button.default\">\n\t\t\t\t<div class=\"elementor-widget-container\">\n\t\t\t\t\t\t\t\t\t<div class=\"elementor-button-wrapper\">\n\t\t\t\t\t<a class=\"elementor-button elementor-button-link elementor-size-sm\" href=\"https:\/\/stockfish26.eventive.org\/schedule\/699f118384b1b6d92e479ccc\">\n\t\t\t\t\t\t<span class=\"elementor-button-content-wrapper\">\n\t\t\t\t\t\t\t\t\t<span class=\"elementor-button-text\">GET YOUR TICKET HERE<\/span>\n\t\t\t\t\t<\/span>\n\t\t\t\t\t<\/a>\n\t\t\t\t<\/div>\n\t\t\t\t\t\t\t\t<\/div>\n\t\t\t\t<\/div>\n\t\t\t\t\t<\/div>\n\t\t<\/div>\n\t\t\t\t\t<\/div>\n\t\t<\/section>\n\t\t\t\t<section class=\"elementor-section elementor-top-section elementor-element elementor-element-f2afbcb elementor-section-boxed elementor-section-height-default elementor-section-height-default qodef-elementor-content-no\" data-id=\"f2afbcb\" data-element_type=\"section\">\n\t\t\t\t\t\t<div class=\"elementor-container elementor-column-gap-default\">\n\t\t\t\t\t<div class=\"elementor-column elementor-col-100 elementor-top-column elementor-element elementor-element-7ec1350\" data-id=\"7ec1350\" data-element_type=\"column\">\n\t\t\t<div class=\"elementor-widget-wrap elementor-element-populated\">\n\t\t\t\t\t\t<div class=\"elementor-element elementor-element-b1efdf0 elementor-widget-divider--view-line elementor-widget elementor-widget-divider\" data-id=\"b1efdf0\" data-element_type=\"widget\" data-widget_type=\"divider.default\">\n\t\t\t\t<div class=\"elementor-widget-container\">\n\t\t\t\t\t\t\t<div class=\"elementor-divider\">\n\t\t\t<span class=\"elementor-divider-separator\">\n\t\t\t\t\t\t<\/span>\n\t\t<\/div>\n\t\t\t\t\t\t<\/div>\n\t\t\t\t<\/div>\n\t\t\t\t\t<\/div>\n\t\t<\/div>\n\t\t\t\t\t<\/div>\n\t\t<\/section>\n\t\t\t\t<section class=\"elementor-section elementor-top-section elementor-element elementor-element-5c742be elementor-section-boxed elementor-section-height-default elementor-section-height-default qodef-elementor-content-no\" data-id=\"5c742be\" data-element_type=\"section\">\n\t\t\t\t\t\t<div class=\"elementor-container elementor-column-gap-default\">\n\t\t\t\t\t<div class=\"elementor-column elementor-col-100 elementor-top-column elementor-element elementor-element-ef4778c\" data-id=\"ef4778c\" data-element_type=\"column\">\n\t\t\t<div class=\"elementor-widget-wrap elementor-element-populated\">\n\t\t\t\t\t\t<div class=\"elementor-element elementor-element-9cdb750 elementor-widget elementor-widget-heading\" data-id=\"9cdb750\" data-element_type=\"widget\" data-widget_type=\"heading.default\">\n\t\t\t\t<div class=\"elementor-widget-container\">\n\t\t\t\t\t<h3 class=\"elementor-heading-title elementor-size-default\">29th of March in the Nordic House<\/h3>\t\t\t\t<\/div>\n\t\t\t\t<\/div>\n\t\t\t\t\t<\/div>\n\t\t<\/div>\n\t\t\t\t\t<\/div>\n\t\t<\/section>\n\t\t\t\t<section class=\"elementor-section elementor-top-section elementor-element elementor-element-c73f728 elementor-section-boxed elementor-section-height-default elementor-section-height-default qodef-elementor-content-no\" data-id=\"c73f728\" data-element_type=\"section\">\n\t\t\t\t\t\t<div class=\"elementor-container elementor-column-gap-default\">\n\t\t\t\t\t<div class=\"elementor-column elementor-col-33 elementor-top-column elementor-element elementor-element-d5d9f22\" data-id=\"d5d9f22\" data-element_type=\"column\">\n\t\t\t<div class=\"elementor-widget-wrap elementor-element-populated\">\n\t\t\t\t\t\t<div class=\"elementor-element elementor-element-a2fe25a elementor-widget elementor-widget-image\" data-id=\"a2fe25a\" data-element_type=\"widget\" data-widget_type=\"image.default\">\n\t\t\t\t<div class=\"elementor-widget-container\">\n\t\t\t\t\t\t\t\t\t\t\t\t\t\t\t<img fetchpriority=\"high\" decoding=\"async\" width=\"1024\" height=\"712\" src=\"https:\/\/stockfishfestival.is\/wp-content\/uploads\/2026\/02\/Screenshot-2026-02-28-at-12.04.07-1024x712.png\" class=\"attachment-large size-large wp-image-26597\" alt=\"\" srcset=\"https:\/\/stockfishfestival.is\/wp-content\/uploads\/2026\/02\/Screenshot-2026-02-28-at-12.04.07-1024x712.png 1024w, https:\/\/stockfishfestival.is\/wp-content\/uploads\/2026\/02\/Screenshot-2026-02-28-at-12.04.07-300x208.png 300w, https:\/\/stockfishfestival.is\/wp-content\/uploads\/2026\/02\/Screenshot-2026-02-28-at-12.04.07-768x534.png 768w, https:\/\/stockfishfestival.is\/wp-content\/uploads\/2026\/02\/Screenshot-2026-02-28-at-12.04.07-1536x1067.png 1536w, https:\/\/stockfishfestival.is\/wp-content\/uploads\/2026\/02\/Screenshot-2026-02-28-at-12.04.07.png 1770w\" sizes=\"(max-width: 1024px) 100vw, 1024px\" \/>\t\t\t\t\t\t\t\t\t\t\t\t\t\t\t<\/div>\n\t\t\t\t<\/div>\n\t\t\t\t<div class=\"elementor-element elementor-element-90235fe elementor-widget elementor-widget-text-editor\" data-id=\"90235fe\" data-element_type=\"widget\" data-widget_type=\"text-editor.default\">\n\t\t\t\t<div class=\"elementor-widget-container\">\n\t\t\t\t\t\t\t\t\t<p><strong>CREATE YOUR OWN CHARACTER<\/strong><\/p><p>Character workshop with \u00de\u00f3rey Mjallhv\u00edt, creator of Ormhildarsaga.<\/p><p><strong>Time:<\/strong> 1 pm<\/p>\t\t\t\t\t\t\t\t<\/div>\n\t\t\t\t<\/div>\n\t\t\t\t\t<\/div>\n\t\t<\/div>\n\t\t\t\t<div class=\"elementor-column elementor-col-33 elementor-top-column elementor-element elementor-element-bd5add3\" data-id=\"bd5add3\" data-element_type=\"column\">\n\t\t\t<div class=\"elementor-widget-wrap elementor-element-populated\">\n\t\t\t\t\t\t<div class=\"elementor-element elementor-element-00e912d elementor-widget elementor-widget-image\" data-id=\"00e912d\" data-element_type=\"widget\" data-widget_type=\"image.default\">\n\t\t\t\t<div class=\"elementor-widget-container\">\n\t\t\t\t\t\t\t\t\t\t\t\t\t\t\t<img decoding=\"async\" width=\"1024\" height=\"684\" src=\"https:\/\/stockfishfestival.is\/wp-content\/uploads\/2026\/02\/472671594_8492528100848107_3639379782566193979_n-1024x684.jpg\" class=\"attachment-large size-large wp-image-26598\" alt=\"\" srcset=\"https:\/\/stockfishfestival.is\/wp-content\/uploads\/2026\/02\/472671594_8492528100848107_3639379782566193979_n-1024x684.jpg 1024w, https:\/\/stockfishfestival.is\/wp-content\/uploads\/2026\/02\/472671594_8492528100848107_3639379782566193979_n-300x200.jpg 300w, https:\/\/stockfishfestival.is\/wp-content\/uploads\/2026\/02\/472671594_8492528100848107_3639379782566193979_n-768x513.jpg 768w, https:\/\/stockfishfestival.is\/wp-content\/uploads\/2026\/02\/472671594_8492528100848107_3639379782566193979_n-1536x1025.jpg 1536w, https:\/\/stockfishfestival.is\/wp-content\/uploads\/2026\/02\/472671594_8492528100848107_3639379782566193979_n.jpg 2048w\" sizes=\"(max-width: 1024px) 100vw, 1024px\" \/>\t\t\t\t\t\t\t\t\t\t\t\t\t\t\t<\/div>\n\t\t\t\t<\/div>\n\t\t\t\t<div class=\"elementor-element elementor-element-d205637 elementor-widget elementor-widget-text-editor\" data-id=\"d205637\" data-element_type=\"widget\" data-widget_type=\"text-editor.default\">\n\t\t\t\t<div class=\"elementor-widget-container\">\n\t\t\t\t\t\t\t\t\t<p><strong>PITCH FOR KIDS<\/strong><\/p><p>Filmmakers come to the Nordic House and present their ideas for films and tv series. Only the kids in the audience can give them feedback. Open to everyone.<\/p><p><strong>Time:<\/strong> 2pm<\/p>\t\t\t\t\t\t\t\t<\/div>\n\t\t\t\t<\/div>\n\t\t\t\t\t<\/div>\n\t\t<\/div>\n\t\t\t\t<div class=\"elementor-column elementor-col-33 elementor-top-column elementor-element elementor-element-eb571c7\" data-id=\"eb571c7\" data-element_type=\"column\">\n\t\t\t<div class=\"elementor-widget-wrap elementor-element-populated\">\n\t\t\t\t\t\t<div class=\"elementor-element elementor-element-527bb15 elementor-widget elementor-widget-image\" data-id=\"527bb15\" data-element_type=\"widget\" data-widget_type=\"image.default\">\n\t\t\t\t<div class=\"elementor-widget-container\">\n\t\t\t\t\t\t\t\t\t\t\t\t\t\t\t<img decoding=\"async\" width=\"225\" height=\"300\" src=\"https:\/\/stockfishfestival.is\/wp-content\/uploads\/2026\/02\/Screenshot-2026-02-28-at-11.41.13-225x300.png\" class=\"attachment-medium size-medium wp-image-26602\" alt=\"\" srcset=\"https:\/\/stockfishfestival.is\/wp-content\/uploads\/2026\/02\/Screenshot-2026-02-28-at-11.41.13-225x300.png 225w, https:\/\/stockfishfestival.is\/wp-content\/uploads\/2026\/02\/Screenshot-2026-02-28-at-11.41.13.png 562w\" sizes=\"(max-width: 225px) 100vw, 225px\" \/>\t\t\t\t\t\t\t\t\t\t\t\t\t\t\t<\/div>\n\t\t\t\t<\/div>\n\t\t\t\t<div class=\"elementor-element elementor-element-2d2dc92 elementor-widget elementor-widget-text-editor\" data-id=\"2d2dc92\" data-element_type=\"widget\" data-widget_type=\"text-editor.default\">\n\t\t\t\t<div class=\"elementor-widget-container\">\n\t\t\t\t\t\t\t\t\t<p><strong>TULIPOP MOVIE SCREENING<\/strong><\/p><p>Screening of Tulipop&#8217;s 30 minute film &#8220;A Midwinter Tale&#8221;.<\/p><p>Midwinter&#8217;s Eve has arrived on Tulipop Island. But when the Munchkin&#8217;s gifts go wrong, four friends journey to Cloud Castle to uncover the mystery.<\/p><p><strong>Time:<\/strong> 3 pm<\/p>\t\t\t\t\t\t\t\t<\/div>\n\t\t\t\t<\/div>\n\t\t\t\t\t<\/div>\n\t\t<\/div>\n\t\t\t\t\t<\/div>\n\t\t<\/section>\n\t\t\t\t<\/div>\n\t\t","protected":false},"excerpt":{"rendered":"<p>KIDS &amp; YOUTH PROGRAM B\u00ed\u00f3 parad\u00eds 28th of march at 2pm WOLFWALKERS Wolfwalkers is a 2020 animated fantasy film directed by Tomm Moore and Ross Stewart, produced by Cartoon Saloon. Set in 17th-century Ireland, it blends folklore, history, and hand-drawn animation. The film is praised for its distinctive hand-drawn style inspired by Celtic art and [&hellip;]<\/p>\n","protected":false},"author":8,"featured_media":0,"parent":0,"menu_order":0,"comment_status":"closed","ping_status":"closed","template":"","meta":{"_acf_changed":false,"footnotes":""},"class_list":["post-26595","page","type-page","status-publish","hentry"],"acf":[],"yoast_head":"<!-- This site is optimized with the Yoast SEO plugin v24.4 - https:\/\/yoast.com\/wordpress\/plugins\/seo\/ -->\n<title>KIDS PROGRAM - Stockfish kvikmynda- og bransah\u00e1t\u00ed\u00f0<\/title>\n<meta name=\"robots\" content=\"index, follow, max-snippet:-1, max-image-preview:large, max-video-preview:-1\" \/>\n<link rel=\"canonical\" href=\"https:\/\/stockfishfestival.is\/en\/kids-youth\/\" \/>\n<meta property=\"og:locale\" content=\"en_US\" \/>\n<meta property=\"og:type\" content=\"article\" \/>\n<meta property=\"og:title\" content=\"KIDS PROGRAM - Stockfish kvikmynda- og bransah\u00e1t\u00ed\u00f0\" \/>\n<meta property=\"og:description\" content=\"KIDS &amp; YOUTH PROGRAM B\u00ed\u00f3 parad\u00eds 28th of march at 2pm WOLFWALKERS Wolfwalkers is a 2020 animated fantasy film directed by Tomm Moore and Ross Stewart, produced by Cartoon Saloon. Set in 17th-century Ireland, it blends folklore, history, and hand-drawn animation. The film is praised for its distinctive hand-drawn style inspired by Celtic art and [&hellip;]\" \/>\n<meta property=\"og:url\" content=\"https:\/\/stockfishfestival.is\/en\/kids-youth\/\" \/>\n<meta property=\"og:site_name\" content=\"Stockfish kvikmynda- og bransah\u00e1t\u00ed\u00f0\" \/>\n<meta property=\"article:modified_time\" content=\"2026-02-28T17:01:30+00:00\" \/>\n<meta property=\"og:image\" content=\"https:\/\/stockfishfestival.is\/wp-content\/uploads\/2026\/02\/Screenshot-2026-02-28-at-12.04.07-1024x712.png\" \/>\n<meta name=\"twitter:card\" content=\"summary_large_image\" \/>\n<meta name=\"twitter:label1\" content=\"Est. reading time\" \/>\n\t<meta name=\"twitter:data1\" content=\"2 minutes\" \/>\n<script type=\"application\/ld+json\" class=\"yoast-schema-graph\">{\"@context\":\"https:\/\/schema.org\",\"@graph\":[{\"@type\":\"WebPage\",\"@id\":\"https:\/\/stockfishfestival.is\/en\/kids-youth\/\",\"url\":\"https:\/\/stockfishfestival.is\/en\/kids-youth\/\",\"name\":\"KIDS PROGRAM - Stockfish kvikmynda- og bransah\u00e1t\u00ed\u00f0\",\"isPartOf\":{\"@id\":\"https:\/\/stockfishfestival.is\/en\/#website\"},\"primaryImageOfPage\":{\"@id\":\"https:\/\/stockfishfestival.is\/en\/kids-youth\/#primaryimage\"},\"image\":{\"@id\":\"https:\/\/stockfishfestival.is\/en\/kids-youth\/#primaryimage\"},\"thumbnailUrl\":\"https:\/\/stockfishfestival.is\/wp-content\/uploads\/2026\/02\/Screenshot-2026-02-28-at-12.04.07-1024x712.png\",\"datePublished\":\"2026-02-28T15:01:12+00:00\",\"dateModified\":\"2026-02-28T17:01:30+00:00\",\"breadcrumb\":{\"@id\":\"https:\/\/stockfishfestival.is\/en\/kids-youth\/#breadcrumb\"},\"inLanguage\":\"en-US\",\"potentialAction\":[{\"@type\":\"ReadAction\",\"target\":[\"https:\/\/stockfishfestival.is\/en\/kids-youth\/\"]}]},{\"@type\":\"ImageObject\",\"inLanguage\":\"en-US\",\"@id\":\"https:\/\/stockfishfestival.is\/en\/kids-youth\/#primaryimage\",\"url\":\"https:\/\/stockfishfestival.is\/wp-content\/uploads\/2026\/02\/Screenshot-2026-02-28-at-12.04.07-1024x712.png\",\"contentUrl\":\"https:\/\/stockfishfestival.is\/wp-content\/uploads\/2026\/02\/Screenshot-2026-02-28-at-12.04.07-1024x712.png\"},{\"@type\":\"BreadcrumbList\",\"@id\":\"https:\/\/stockfishfestival.is\/en\/kids-youth\/#breadcrumb\",\"itemListElement\":[{\"@type\":\"ListItem\",\"position\":1,\"name\":\"Home\",\"item\":\"https:\/\/stockfishfestival.is\/en\/\"},{\"@type\":\"ListItem\",\"position\":2,\"name\":\"KIDS PROGRAM\"}]},{\"@type\":\"WebSite\",\"@id\":\"https:\/\/stockfishfestival.is\/en\/#website\",\"url\":\"https:\/\/stockfishfestival.is\/en\/\",\"name\":\"Stockfish kvikmynda- og bransah\u00e1t\u00ed\u00f0\",\"description\":\"\",\"potentialAction\":[{\"@type\":\"SearchAction\",\"target\":{\"@type\":\"EntryPoint\",\"urlTemplate\":\"https:\/\/stockfishfestival.is\/en\/?s={search_term_string}\"},\"query-input\":{\"@type\":\"PropertyValueSpecification\",\"valueRequired\":true,\"valueName\":\"search_term_string\"}}],\"inLanguage\":\"en-US\"}]}<\/script>\n<!-- \/ Yoast SEO plugin. -->","yoast_head_json":{"title":"KIDS PROGRAM - Stockfish kvikmynda- og bransah\u00e1t\u00ed\u00f0","robots":{"index":"index","follow":"follow","max-snippet":"max-snippet:-1","max-image-preview":"max-image-preview:large","max-video-preview":"max-video-preview:-1"},"canonical":"https:\/\/stockfishfestival.is\/en\/kids-youth\/","og_locale":"en_US","og_type":"article","og_title":"KIDS PROGRAM - Stockfish kvikmynda- og bransah\u00e1t\u00ed\u00f0","og_description":"KIDS &amp; YOUTH PROGRAM B\u00ed\u00f3 parad\u00eds 28th of march at 2pm WOLFWALKERS Wolfwalkers is a 2020 animated fantasy film directed by Tomm Moore and Ross Stewart, produced by Cartoon Saloon. Set in 17th-century Ireland, it blends folklore, history, and hand-drawn animation. The film is praised for its distinctive hand-drawn style inspired by Celtic art and [&hellip;]","og_url":"https:\/\/stockfishfestival.is\/en\/kids-youth\/","og_site_name":"Stockfish kvikmynda- og bransah\u00e1t\u00ed\u00f0","article_modified_time":"2026-02-28T17:01:30+00:00","og_image":[{"url":"https:\/\/stockfishfestival.is\/wp-content\/uploads\/2026\/02\/Screenshot-2026-02-28-at-12.04.07-1024x712.png","type":"","width":"","height":""}],"twitter_card":"summary_large_image","twitter_misc":{"Est. reading time":"2 minutes"},"schema":{"@context":"https:\/\/schema.org","@graph":[{"@type":"WebPage","@id":"https:\/\/stockfishfestival.is\/en\/kids-youth\/","url":"https:\/\/stockfishfestival.is\/en\/kids-youth\/","name":"KIDS PROGRAM - Stockfish kvikmynda- og bransah\u00e1t\u00ed\u00f0","isPartOf":{"@id":"https:\/\/stockfishfestival.is\/en\/#website"},"primaryImageOfPage":{"@id":"https:\/\/stockfishfestival.is\/en\/kids-youth\/#primaryimage"},"image":{"@id":"https:\/\/stockfishfestival.is\/en\/kids-youth\/#primaryimage"},"thumbnailUrl":"https:\/\/stockfishfestival.is\/wp-content\/uploads\/2026\/02\/Screenshot-2026-02-28-at-12.04.07-1024x712.png","datePublished":"2026-02-28T15:01:12+00:00","dateModified":"2026-02-28T17:01:30+00:00","breadcrumb":{"@id":"https:\/\/stockfishfestival.is\/en\/kids-youth\/#breadcrumb"},"inLanguage":"en-US","potentialAction":[{"@type":"ReadAction","target":["https:\/\/stockfishfestival.is\/en\/kids-youth\/"]}]},{"@type":"ImageObject","inLanguage":"en-US","@id":"https:\/\/stockfishfestival.is\/en\/kids-youth\/#primaryimage","url":"https:\/\/stockfishfestival.is\/wp-content\/uploads\/2026\/02\/Screenshot-2026-02-28-at-12.04.07-1024x712.png","contentUrl":"https:\/\/stockfishfestival.is\/wp-content\/uploads\/2026\/02\/Screenshot-2026-02-28-at-12.04.07-1024x712.png"},{"@type":"BreadcrumbList","@id":"https:\/\/stockfishfestival.is\/en\/kids-youth\/#breadcrumb","itemListElement":[{"@type":"ListItem","position":1,"name":"Home","item":"https:\/\/stockfishfestival.is\/en\/"},{"@type":"ListItem","position":2,"name":"KIDS PROGRAM"}]},{"@type":"WebSite","@id":"https:\/\/stockfishfestival.is\/en\/#website","url":"https:\/\/stockfishfestival.is\/en\/","name":"Stockfish kvikmynda- og bransah\u00e1t\u00ed\u00f0","description":"","potentialAction":[{"@type":"SearchAction","target":{"@type":"EntryPoint","urlTemplate":"https:\/\/stockfishfestival.is\/en\/?s={search_term_string}"},"query-input":{"@type":"PropertyValueSpecification","valueRequired":true,"valueName":"search_term_string"}}],"inLanguage":"en-US"}]}},"_links":{"self":[{"href":"https:\/\/stockfishfestival.is\/en\/wp-json\/wp\/v2\/pages\/26595","targetHints":{"allow":["GET"]}}],"collection":[{"href":"https:\/\/stockfishfestival.is\/en\/wp-json\/wp\/v2\/pages"}],"about":[{"href":"https:\/\/stockfishfestival.is\/en\/wp-json\/wp\/v2\/types\/page"}],"author":[{"embeddable":true,"href":"https:\/\/stockfishfestival.is\/en\/wp-json\/wp\/v2\/users\/8"}],"replies":[{"embeddable":true,"href":"https:\/\/stockfishfestival.is\/en\/wp-json\/wp\/v2\/comments?post=26595"}],"version-history":[{"count":22,"href":"https:\/\/stockfishfestival.is\/en\/wp-json\/wp\/v2\/pages\/26595\/revisions"}],"predecessor-version":[{"id":26640,"href":"https:\/\/stockfishfestival.is\/en\/wp-json\/wp\/v2\/pages\/26595\/revisions\/26640"}],"wp:attachment":[{"href":"https:\/\/stockfishfestival.is\/en\/wp-json\/wp\/v2\/media?parent=26595"}],"curies":[{"name":"wp","href":"https:\/\/api.w.org\/{rel}","templated":true}]}}