{"id":27183,"date":"2026-03-12T13:42:09","date_gmt":"2026-03-12T13:42:09","guid":{"rendered":"https:\/\/stockfishfestival.is\/ari-kristinsson\/"},"modified":"2026-03-12T13:52:30","modified_gmt":"2026-03-12T13:52:30","slug":"ari-kristinsson","status":"publish","type":"page","link":"https:\/\/stockfishfestival.is\/en\/ari-kristinsson\/","title":{"rendered":"Ari Kristinsson"},"content":{"rendered":"\t\t<div data-elementor-type=\"wp-page\" data-elementor-id=\"27183\" class=\"elementor elementor-27183 elementor-27158\" data-elementor-post-type=\"page\">\n\t\t\t\t\t\t<section class=\"elementor-section elementor-top-section elementor-element elementor-element-3a607b6 elementor-section-boxed elementor-section-height-default elementor-section-height-default qodef-elementor-content-no\" data-id=\"3a607b6\" data-element_type=\"section\">\n\t\t\t\t\t\t<div class=\"elementor-container elementor-column-gap-default\">\n\t\t\t\t\t<div class=\"elementor-column elementor-col-100 elementor-top-column elementor-element elementor-element-e49fe66\" data-id=\"e49fe66\" data-element_type=\"column\">\n\t\t\t<div class=\"elementor-widget-wrap elementor-element-populated\">\n\t\t\t\t\t\t<div class=\"elementor-element elementor-element-d1e2f99 elementor-widget elementor-widget-image\" data-id=\"d1e2f99\" data-element_type=\"widget\" data-widget_type=\"image.default\">\n\t\t\t\t<div class=\"elementor-widget-container\">\n\t\t\t\t\t\t\t\t\t\t\t\t\t\t\t<img fetchpriority=\"high\" decoding=\"async\" width=\"235\" height=\"300\" src=\"https:\/\/stockfishfestival.is\/wp-content\/uploads\/2026\/03\/ari_kristinsson_327-235x300.jpg\" class=\"attachment-medium size-medium wp-image-27182\" alt=\"\" srcset=\"https:\/\/stockfishfestival.is\/wp-content\/uploads\/2026\/03\/ari_kristinsson_327-235x300.jpg 235w, https:\/\/stockfishfestival.is\/wp-content\/uploads\/2026\/03\/ari_kristinsson_327.avif 256w\" sizes=\"(max-width: 235px) 100vw, 235px\" \/>\t\t\t\t\t\t\t\t\t\t\t\t\t\t\t<\/div>\n\t\t\t\t<\/div>\n\t\t\t\t\t<\/div>\n\t\t<\/div>\n\t\t\t\t\t<\/div>\n\t\t<\/section>\n\t\t\t\t<section class=\"elementor-section elementor-top-section elementor-element elementor-element-0d533a5 elementor-section-boxed elementor-section-height-default elementor-section-height-default qodef-elementor-content-no\" data-id=\"0d533a5\" data-element_type=\"section\">\n\t\t\t\t\t\t<div class=\"elementor-container elementor-column-gap-default\">\n\t\t\t\t\t<div class=\"elementor-column elementor-col-100 elementor-top-column elementor-element elementor-element-6858f6a\" data-id=\"6858f6a\" data-element_type=\"column\">\n\t\t\t<div class=\"elementor-widget-wrap elementor-element-populated\">\n\t\t\t\t\t\t<div class=\"elementor-element elementor-element-17315c5 elementor-widget elementor-widget-heading\" data-id=\"17315c5\" data-element_type=\"widget\" data-widget_type=\"heading.default\">\n\t\t\t\t<div class=\"elementor-widget-container\">\n\t\t\t\t\t<h2 class=\"elementor-heading-title elementor-size-default\">Ari Kristinsson <\/h2>\t\t\t\t<\/div>\n\t\t\t\t<\/div>\n\t\t\t\t\t<\/div>\n\t\t<\/div>\n\t\t\t\t\t<\/div>\n\t\t<\/section>\n\t\t\t\t<section class=\"elementor-section elementor-top-section elementor-element elementor-element-4f7b228 elementor-section-boxed elementor-section-height-default elementor-section-height-default qodef-elementor-content-no\" data-id=\"4f7b228\" data-element_type=\"section\">\n\t\t\t\t\t\t<div class=\"elementor-container elementor-column-gap-default\">\n\t\t\t\t\t<div class=\"elementor-column elementor-col-100 elementor-top-column elementor-element elementor-element-780d3a8\" data-id=\"780d3a8\" data-element_type=\"column\">\n\t\t\t<div class=\"elementor-widget-wrap elementor-element-populated\">\n\t\t\t\t\t\t<div class=\"elementor-element elementor-element-014c612 elementor-widget elementor-widget-text-editor\" data-id=\"014c612\" data-element_type=\"widget\" data-widget_type=\"text-editor.default\">\n\t\t\t\t<div class=\"elementor-widget-container\">\n\t\t\t\t\t\t\t\t\t<p><span style=\"font-weight: 400;\">The Stockfish Film &amp; Industry Festival proudly announces that filmmaker Ari Kristinsson will be the honorary guest of this year\u2019s festival. <\/span><\/p>\n<p><span style=\"font-weight: 400;\">Over several decades, Ari has been one of Iceland\u2019s most influential filmmakers, contributing to the country\u2019s film industry as a cinematographer, producer, editor, screenwriter, and director.<\/span><\/p>\n<p><span style=\"font-weight: 400;\">Ari graduated from the New Art Department of the Icelandic College of Arts and Crafts in 1979 and later pursued studies at the California Institute of the Arts from 1980 to 1981. After completing his studies, he began working in Icelandic filmmaking and has since contributed to numerous significant films that have shaped Iceland\u2019s cinematic history.<\/span><\/p>\n<p><span style=\"font-weight: 400;\">As a cinematographer, Ari has worked on a wide range of films, including Rokk \u00ed Reykjav\u00edk, N\u00fdtt l\u00edf, L\u00f6ggul\u00edf, Skytturnar, Magn\u00fas, B\u00f6rn n\u00e1tt\u00farunnar, B\u00ed\u00f3dagar, Cold Fever, Dj\u00f6flaeyjan, Myrkrah\u00f6f\u00f0inginn, Mamma G\u00f3g\u00f3, and Sumarlandi\u00f0.<\/span><\/p>\n<p><span style=\"font-weight: 400;\">The film <a href=\"https:\/\/stockfish26.eventive.org\/films\/699ee91eb9e008542303a319\">B\u00f6rn n\u00e1tt\u00farunnar,<\/a> directed by Fri\u00f0rik \u00de\u00f3r Fri\u00f0riksson, was nominated for the Academy Award for Best International Feature Film in 1992. For the same film, Ari received an award for Best Artistic Contribution at the Montr\u00e9al World Film Festival. In 2010, he was also nominated for the Edda Awards for his cinematography in Mamma G\u00f3g\u00f3.<\/span><\/p>\n<p><span style=\"font-weight: 400;\">Ari has also played a key role in the development of Iceland\u2019s film industry. He served as chairman of the Icelandic Society of Cinematographers for eight years, chairman of the Association of Icelandic Film Producers for eight years, and was a member of the Icelandic Film Council for eight years. He is also one of the founders of the Icelandic Film and Television Academy. In addition, he was among the founders of B\u00ed\u00f3 Parad\u00eds and served as the cinema\u2019s first chairman of the board. <\/span><span style=\"font-weight: 400;\">Ari worked as a consultant at the Icelandic Film Center from 2012 to 2020. Ari also worked for the Icelandic production companies; Icelandic Film Corporation , Hrif and Bergmyndir<\/span><\/p>\n<p><span style=\"font-weight: 400;\">By honoring Ari Kristinsson, the Stockfish Festival recognises his exceptional contribution to Icelandic filmmaking and his lasting influence on the development of film culture in Iceland.<\/span><\/p>\n\t\t\t\t\t\t\t\t<\/div>\n\t\t\t\t<\/div>\n\t\t\t\t\t<\/div>\n\t\t<\/div>\n\t\t\t\t\t<\/div>\n\t\t<\/section>\n\t\t\t\t<\/div>\n\t\t","protected":false},"excerpt":{"rendered":"<p>Ari Kristinsson The Stockfish Film &amp; Industry Festival proudly announces that filmmaker Ari Kristinsson will be the honorary guest of this year\u2019s festival. Over several decades, Ari has been one of Iceland\u2019s most influential filmmakers, contributing to the country\u2019s film industry as a cinematographer, producer, editor, screenwriter, and director. Ari graduated from the New Art [&hellip;]<\/p>\n","protected":false},"author":8,"featured_media":27182,"parent":0,"menu_order":0,"comment_status":"closed","ping_status":"closed","template":"","meta":{"_acf_changed":false,"footnotes":""},"class_list":["post-27183","page","type-page","status-publish","has-post-thumbnail","hentry"],"acf":[],"yoast_head":"<!-- This site is optimized with the Yoast SEO plugin v24.4 - https:\/\/yoast.com\/wordpress\/plugins\/seo\/ -->\n<title>Ari Kristinsson - Stockfish kvikmynda- og bransah\u00e1t\u00ed\u00f0<\/title>\n<meta name=\"robots\" content=\"index, follow, max-snippet:-1, max-image-preview:large, max-video-preview:-1\" \/>\n<link rel=\"canonical\" href=\"https:\/\/stockfishfestival.is\/en\/ari-kristinsson\/\" \/>\n<meta property=\"og:locale\" content=\"en_US\" \/>\n<meta property=\"og:type\" content=\"article\" \/>\n<meta property=\"og:title\" content=\"Ari Kristinsson - Stockfish kvikmynda- og bransah\u00e1t\u00ed\u00f0\" \/>\n<meta property=\"og:description\" content=\"Ari Kristinsson The Stockfish Film &amp; Industry Festival proudly announces that filmmaker Ari Kristinsson will be the honorary guest of this year\u2019s festival. Over several decades, Ari has been one of Iceland\u2019s most influential filmmakers, contributing to the country\u2019s film industry as a cinematographer, producer, editor, screenwriter, and director. Ari graduated from the New Art [&hellip;]\" \/>\n<meta property=\"og:url\" content=\"https:\/\/stockfishfestival.is\/en\/ari-kristinsson\/\" \/>\n<meta property=\"og:site_name\" content=\"Stockfish kvikmynda- og bransah\u00e1t\u00ed\u00f0\" \/>\n<meta property=\"article:modified_time\" content=\"2026-03-12T13:52:30+00:00\" \/>\n<meta name=\"twitter:card\" content=\"summary_large_image\" \/>\n<meta name=\"twitter:label1\" content=\"Est. reading time\" \/>\n\t<meta name=\"twitter:data1\" content=\"2 minutes\" \/>\n<script type=\"application\/ld+json\" class=\"yoast-schema-graph\">{\"@context\":\"https:\/\/schema.org\",\"@graph\":[{\"@type\":\"WebPage\",\"@id\":\"https:\/\/stockfishfestival.is\/en\/ari-kristinsson\/\",\"url\":\"https:\/\/stockfishfestival.is\/en\/ari-kristinsson\/\",\"name\":\"Ari Kristinsson - Stockfish kvikmynda- og bransah\u00e1t\u00ed\u00f0\",\"isPartOf\":{\"@id\":\"https:\/\/stockfishfestival.is\/en\/#website\"},\"primaryImageOfPage\":{\"@id\":\"https:\/\/stockfishfestival.is\/en\/ari-kristinsson\/#primaryimage\"},\"image\":{\"@id\":\"https:\/\/stockfishfestival.is\/en\/ari-kristinsson\/#primaryimage\"},\"thumbnailUrl\":\"https:\/\/stockfishfestival.is\/wp-content\/uploads\/2026\/03\/ari_kristinsson_327.avif\",\"datePublished\":\"2026-03-12T13:42:09+00:00\",\"dateModified\":\"2026-03-12T13:52:30+00:00\",\"breadcrumb\":{\"@id\":\"https:\/\/stockfishfestival.is\/en\/ari-kristinsson\/#breadcrumb\"},\"inLanguage\":\"en-US\",\"potentialAction\":[{\"@type\":\"ReadAction\",\"target\":[\"https:\/\/stockfishfestival.is\/en\/ari-kristinsson\/\"]}]},{\"@type\":\"ImageObject\",\"inLanguage\":\"en-US\",\"@id\":\"https:\/\/stockfishfestival.is\/en\/ari-kristinsson\/#primaryimage\",\"url\":\"https:\/\/stockfishfestival.is\/wp-content\/uploads\/2026\/03\/ari_kristinsson_327.avif\",\"contentUrl\":\"https:\/\/stockfishfestival.is\/wp-content\/uploads\/2026\/03\/ari_kristinsson_327.avif\",\"width\":256,\"height\":327},{\"@type\":\"BreadcrumbList\",\"@id\":\"https:\/\/stockfishfestival.is\/en\/ari-kristinsson\/#breadcrumb\",\"itemListElement\":[{\"@type\":\"ListItem\",\"position\":1,\"name\":\"Home\",\"item\":\"https:\/\/stockfishfestival.is\/en\/\"},{\"@type\":\"ListItem\",\"position\":2,\"name\":\"Ari Kristinsson\"}]},{\"@type\":\"WebSite\",\"@id\":\"https:\/\/stockfishfestival.is\/en\/#website\",\"url\":\"https:\/\/stockfishfestival.is\/en\/\",\"name\":\"Stockfish kvikmynda- og bransah\u00e1t\u00ed\u00f0\",\"description\":\"\",\"potentialAction\":[{\"@type\":\"SearchAction\",\"target\":{\"@type\":\"EntryPoint\",\"urlTemplate\":\"https:\/\/stockfishfestival.is\/en\/?s={search_term_string}\"},\"query-input\":{\"@type\":\"PropertyValueSpecification\",\"valueRequired\":true,\"valueName\":\"search_term_string\"}}],\"inLanguage\":\"en-US\"}]}<\/script>\n<!-- \/ Yoast SEO plugin. -->","yoast_head_json":{"title":"Ari Kristinsson - Stockfish kvikmynda- og bransah\u00e1t\u00ed\u00f0","robots":{"index":"index","follow":"follow","max-snippet":"max-snippet:-1","max-image-preview":"max-image-preview:large","max-video-preview":"max-video-preview:-1"},"canonical":"https:\/\/stockfishfestival.is\/en\/ari-kristinsson\/","og_locale":"en_US","og_type":"article","og_title":"Ari Kristinsson - Stockfish kvikmynda- og bransah\u00e1t\u00ed\u00f0","og_description":"Ari Kristinsson The Stockfish Film &amp; Industry Festival proudly announces that filmmaker Ari Kristinsson will be the honorary guest of this year\u2019s festival. Over several decades, Ari has been one of Iceland\u2019s most influential filmmakers, contributing to the country\u2019s film industry as a cinematographer, producer, editor, screenwriter, and director. Ari graduated from the New Art [&hellip;]","og_url":"https:\/\/stockfishfestival.is\/en\/ari-kristinsson\/","og_site_name":"Stockfish kvikmynda- og bransah\u00e1t\u00ed\u00f0","article_modified_time":"2026-03-12T13:52:30+00:00","twitter_card":"summary_large_image","twitter_misc":{"Est. reading time":"2 minutes"},"schema":{"@context":"https:\/\/schema.org","@graph":[{"@type":"WebPage","@id":"https:\/\/stockfishfestival.is\/en\/ari-kristinsson\/","url":"https:\/\/stockfishfestival.is\/en\/ari-kristinsson\/","name":"Ari Kristinsson - Stockfish kvikmynda- og bransah\u00e1t\u00ed\u00f0","isPartOf":{"@id":"https:\/\/stockfishfestival.is\/en\/#website"},"primaryImageOfPage":{"@id":"https:\/\/stockfishfestival.is\/en\/ari-kristinsson\/#primaryimage"},"image":{"@id":"https:\/\/stockfishfestival.is\/en\/ari-kristinsson\/#primaryimage"},"thumbnailUrl":"https:\/\/stockfishfestival.is\/wp-content\/uploads\/2026\/03\/ari_kristinsson_327.avif","datePublished":"2026-03-12T13:42:09+00:00","dateModified":"2026-03-12T13:52:30+00:00","breadcrumb":{"@id":"https:\/\/stockfishfestival.is\/en\/ari-kristinsson\/#breadcrumb"},"inLanguage":"en-US","potentialAction":[{"@type":"ReadAction","target":["https:\/\/stockfishfestival.is\/en\/ari-kristinsson\/"]}]},{"@type":"ImageObject","inLanguage":"en-US","@id":"https:\/\/stockfishfestival.is\/en\/ari-kristinsson\/#primaryimage","url":"https:\/\/stockfishfestival.is\/wp-content\/uploads\/2026\/03\/ari_kristinsson_327.avif","contentUrl":"https:\/\/stockfishfestival.is\/wp-content\/uploads\/2026\/03\/ari_kristinsson_327.avif","width":256,"height":327},{"@type":"BreadcrumbList","@id":"https:\/\/stockfishfestival.is\/en\/ari-kristinsson\/#breadcrumb","itemListElement":[{"@type":"ListItem","position":1,"name":"Home","item":"https:\/\/stockfishfestival.is\/en\/"},{"@type":"ListItem","position":2,"name":"Ari Kristinsson"}]},{"@type":"WebSite","@id":"https:\/\/stockfishfestival.is\/en\/#website","url":"https:\/\/stockfishfestival.is\/en\/","name":"Stockfish kvikmynda- og bransah\u00e1t\u00ed\u00f0","description":"","potentialAction":[{"@type":"SearchAction","target":{"@type":"EntryPoint","urlTemplate":"https:\/\/stockfishfestival.is\/en\/?s={search_term_string}"},"query-input":{"@type":"PropertyValueSpecification","valueRequired":true,"valueName":"search_term_string"}}],"inLanguage":"en-US"}]}},"_links":{"self":[{"href":"https:\/\/stockfishfestival.is\/en\/wp-json\/wp\/v2\/pages\/27183","targetHints":{"allow":["GET"]}}],"collection":[{"href":"https:\/\/stockfishfestival.is\/en\/wp-json\/wp\/v2\/pages"}],"about":[{"href":"https:\/\/stockfishfestival.is\/en\/wp-json\/wp\/v2\/types\/page"}],"author":[{"embeddable":true,"href":"https:\/\/stockfishfestival.is\/en\/wp-json\/wp\/v2\/users\/8"}],"replies":[{"embeddable":true,"href":"https:\/\/stockfishfestival.is\/en\/wp-json\/wp\/v2\/comments?post=27183"}],"version-history":[{"count":1,"href":"https:\/\/stockfishfestival.is\/en\/wp-json\/wp\/v2\/pages\/27183\/revisions"}],"predecessor-version":[{"id":27187,"href":"https:\/\/stockfishfestival.is\/en\/wp-json\/wp\/v2\/pages\/27183\/revisions\/27187"}],"wp:featuredmedia":[{"embeddable":true,"href":"https:\/\/stockfishfestival.is\/en\/wp-json\/wp\/v2\/media\/27182"}],"wp:attachment":[{"href":"https:\/\/stockfishfestival.is\/en\/wp-json\/wp\/v2\/media?parent=27183"}],"curies":[{"name":"wp","href":"https:\/\/api.w.org\/{rel}","templated":true}]}}